{"id":996708,"date":"2023-12-15T16:10:23","date_gmt":"2023-12-15T15:10:23","guid":{"rendered":"https:\/\/www.escuelavitae.com\/matricula\/"},"modified":"2025-03-18T11:17:15","modified_gmt":"2025-03-18T10:17:15","slug":"matricula","status":"publish","type":"page","link":"https:\/\/www.escuelavitae.com\/es\/matricula\/","title":{"rendered":"Matr\u00edcula"},"content":{"rendered":"\t\t<div data-elementor-type=\"wp-page\" data-elementor-id=\"996708\" class=\"elementor elementor-996708 elementor-996683\" data-elementor-post-type=\"page\">\n\t\t\t\t\t\t<section class=\"elementor-section elementor-top-section elementor-element elementor-element-58d23ae elementor-section-height-min-height elementor-section-boxed elementor-section-height-default elementor-section-items-middle\" data-id=\"58d23ae\" data-element_type=\"section\" data-e-type=\"section\" data-settings=\"{&quot;background_background&quot;:&quot;classic&quot;}\">\n\t\t\t\t\t\t<div class=\"elementor-container elementor-column-gap-default\">\n\t\t\t\t\t<div class=\"elementor-column elementor-col-100 elementor-top-column elementor-element elementor-element-bfb6604\" data-id=\"bfb6604\" data-element_type=\"column\" data-e-type=\"column\" data-settings=\"{&quot;background_background&quot;:&quot;classic&quot;}\">\n\t\t\t<div class=\"elementor-widget-wrap\">\n\t\t\t\t\t\t\t<\/div>\n\t\t<\/div>\n\t\t\t\t\t<\/div>\n\t\t<\/section>\n\t\t\t\t<section class=\"elementor-section elementor-top-section elementor-element elementor-element-5a4ba1d elementor-section-boxed elementor-section-height-default elementor-section-height-default\" data-id=\"5a4ba1d\" data-element_type=\"section\" data-e-type=\"section\" data-settings=\"{&quot;animation&quot;:&quot;none&quot;,&quot;animation_tablet&quot;:&quot;none&quot;,&quot;animation_mobile&quot;:&quot;none&quot;}\">\n\t\t\t\t\t\t<div class=\"elementor-container elementor-column-gap-no\">\n\t\t\t\t\t<div class=\"elementor-column elementor-col-50 elementor-top-column elementor-element elementor-element-8a0e11b animated-fast pastilla-verde elementor-invisible\" data-id=\"8a0e11b\" data-element_type=\"column\" data-e-type=\"column\" data-settings=\"{&quot;background_background&quot;:&quot;classic&quot;,&quot;animation&quot;:&quot;fadeIn&quot;,&quot;animation_delay&quot;:100}\">\n\t\t\t<div class=\"elementor-widget-wrap elementor-element-populated\">\n\t\t\t\t\t\t<div class=\"elementor-element elementor-element-b98623c elementor-widget elementor-widget-text-editor\" data-id=\"b98623c\" data-element_type=\"widget\" data-e-type=\"widget\" data-settings=\"{&quot;_animation&quot;:&quot;none&quot;,&quot;_animation_delay&quot;:300}\" data-widget_type=\"text-editor.default\">\n\t\t\t\t<div class=\"elementor-widget-container\">\n\t\t\t\t\t\t\t\t\t<p><strong>Empieza tu camino profesional<\/strong> en el sector del deporte, la salud o los servicios comunitarios, con Escuela Vitae.<\/p>\t\t\t\t\t\t\t\t<\/div>\n\t\t\t\t<\/div>\n\t\t\t\t\t<\/div>\n\t\t<\/div>\n\t\t\t\t<div class=\"elementor-column elementor-col-50 elementor-top-column elementor-element elementor-element-f2d3013 elementor-hidden-desktop elementor-hidden-tablet elementor-hidden-phone\" data-id=\"f2d3013\" data-element_type=\"column\" data-e-type=\"column\">\n\t\t\t<div class=\"elementor-widget-wrap\">\n\t\t\t\t\t\t\t<\/div>\n\t\t<\/div>\n\t\t\t\t\t<\/div>\n\t\t<\/section>\n\t\t<div class=\"elementor-element elementor-element-47ad960 e-flex e-con-boxed e-con e-parent\" data-id=\"47ad960\" data-element_type=\"container\" data-e-type=\"container\">\n\t\t\t\t\t<div class=\"e-con-inner\">\n\t\t<div class=\"elementor-element elementor-element-923564e e-con-full e-flex e-con e-child\" data-id=\"923564e\" data-element_type=\"container\" data-e-type=\"container\">\n\t\t\t\t<div class=\"elementor-element elementor-element-845a28a elementor-widget elementor-widget-heading\" data-id=\"845a28a\" data-element_type=\"widget\" data-e-type=\"widget\" data-widget_type=\"heading.default\">\n\t\t\t\t<div class=\"elementor-widget-container\">\n\t\t\t\t\t<h2 class=\"elementor-heading-title elementor-size-default\">Preinscripci\u00f3n:<\/h2>\t\t\t\t<\/div>\n\t\t\t\t<\/div>\n\t\t\t\t<div class=\"elementor-element elementor-element-e75f9be elementor-hidden-desktop elementor-hidden-tablet elementor-hidden-mobile_extra elementor-hidden-mobile elementor-widget elementor-widget-text-editor\" data-id=\"e75f9be\" data-element_type=\"widget\" data-e-type=\"widget\" data-widget_type=\"text-editor.default\">\n\t\t\t\t<div class=\"elementor-widget-container\">\n\t\t\t\t\t\t\t\t\t<p>\u00bfTienes dudas? Nuestro equipo de orientaci\u00f3n est\u00e1 listo para ayudarte a encontrar el camino que mejor se ajusta a tus intereses y objetivos profesionales.<\/p>\t\t\t\t\t\t\t\t<\/div>\n\t\t\t\t<\/div>\n\t\t\t\t<div class=\"elementor-element elementor-element-967caec elementor-widget elementor-widget-text-editor\" data-id=\"967caec\" data-element_type=\"widget\" data-e-type=\"widget\" data-widget_type=\"text-editor.default\">\n\t\t\t\t<div class=\"elementor-widget-container\">\n\t\t\t\t\t\t\t\t\t<ol><li>Accede al formulario de solicitud de plaza.<\/li><li>Selecciona el centro y la formaci\u00f3n que quieres estudiar.<\/li><li>Una vez hecho el pago de la matr\u00edcula, recibir\u00e1s la confirmaci\u00f3n de tu plaza reservada.<\/li><\/ol>\t\t\t\t\t\t\t\t<\/div>\n\t\t\t\t<\/div>\n\t\t\t\t<div class=\"elementor-element elementor-element-df26fac elementor-widget elementor-widget-shortcode\" data-id=\"df26fac\" data-element_type=\"widget\" data-e-type=\"widget\" data-widget_type=\"shortcode.default\">\n\t\t\t\t<div class=\"elementor-widget-container\">\n\t\t\t\t\t\t\t<div class=\"elementor-shortcode\"><div class=\"mabot\">\r\n\t\t\t\t\t<div class=\"mabot__el\">\r\n\t\t\t\t\t\t<div class=\"mabot__el__text\">\r\n\t\t\t\t\t\t\t<div class=\"col\"><a class=\"mabutton\" target=\"_blank\" href=\"https:\/\/manager.escuelavitae.com\/planformacionsolicitud\/externo\/new\/es\">Ir a matr\u00edcula<\/a>\r\n\t\t\t\t\t\t\t<\/div>\r\n\t\t\t\t\t\t<\/div>\r\n\t\t\t\t\t<\/div>\r\n\t\t\t\t<\/div><\/div>\n\t\t\t\t\t\t<\/div>\n\t\t\t\t<\/div>\n\t\t<div class=\"elementor-element elementor-element-f77ffa0 e-con-full elementor-hidden-desktop elementor-hidden-tablet elementor-hidden-mobile_extra elementor-hidden-mobile e-flex e-con e-child\" data-id=\"f77ffa0\" data-element_type=\"container\" data-e-type=\"container\">\n\t\t\t\t<div class=\"elementor-element elementor-element-f7f4a32 elementor-widget elementor-widget-html\" data-id=\"f7f4a32\" data-element_type=\"widget\" data-e-type=\"widget\" data-widget_type=\"html.default\">\n\t\t\t\t<div class=\"elementor-widget-container\">\n\t\t\t\t\t<!--<script>-->\n<!--document.addEventListener(\"DOMContentLoaded\", function () {-->\n<!--  const matricula = function () {-->\n<!--      const initialSelCourses = document.querySelectorAll(\".sel-course\");-->\n<!--    initialSelCourses.forEach(function (course) {-->\n<!--      course.style.display = \"none\";-->\n<!--    });-->\n<!--    const initialMbotEl = document.querySelectorAll(\".mabot__el\");-->\n<!--    initialMbotEl.forEach(function (course) {-->\n<!--      course.style.display = \"none\";-->\n<!--    });-->\n   \n<!--    document-->\n<!--      .getElementById(\"sel-center\")-->\n<!--      .addEventListener(\"change\", function () {-->\n<!--        const selCourses = document.querySelectorAll(\".sel-course\");-->\n<!--        const mabotEls = document.querySelectorAll(\".mabot__el\");-->\n\n<!--        selCourses.forEach(function (course) {-->\n<!--          course.style.display = \"none\";-->\n<!--          course.value = \"-1\";-->\n<!--        });-->\n\n<!--        mabotEls.forEach(function (mabotEl) {-->\n<!--          mabotEl.style.display = \"none\";-->\n<!--        });-->\n\n<!--        const selectedCenter = this.value;-->\n<!--        const selectedCourses = document.querySelectorAll(-->\n<!--          \".sel-course-\" + selectedCenter-->\n<!--        );-->\n<!--        selectedCourses.forEach(function (course) {-->\n<!--          course.style.display = \"block\";-->\n<!--        });-->\n<!--      });-->\n\n<!--    const selCourses = document.querySelectorAll(\".sel-course\");-->\n<!--    selCourses.forEach(function (course) {-->\n<!--      course.addEventListener(\"change\", function () {-->\n<!--        const mabotEls = document.querySelectorAll(\".mabot__el\");-->\n<!--        mabotEls.forEach(function (mabotEl) {-->\n<!--          mabotEl.style.display = \"none\";-->\n<!--        });-->\n\n<!--        const selectedCourse = this.value;-->\n<!--        const selectedMabotEl = document.querySelector(-->\n<!--          \".mabot__el-\" + selectedCourse-->\n<!--        );-->\n<!--        selectedMabotEl.style.display = \"block\";-->\n<!--      });-->\n<!--    });-->\n<!--  };-->\n\n<!--  matricula();-->\n<!--});-->\n\n\n<!--<\/script>-->\t\t\t\t<\/div>\n\t\t\t\t<\/div>\n\t\t\t\t<div class=\"elementor-element elementor-element-bd70b15 elementor-invisible elementor-widget elementor-widget-shortcode\" data-id=\"bd70b15\" data-element_type=\"widget\" data-e-type=\"widget\" data-settings=\"{&quot;_animation&quot;:&quot;fadeIn&quot;,&quot;_animation_delay&quot;:100}\" data-widget_type=\"shortcode.default\">\n\t\t\t\t<div class=\"elementor-widget-container\">\n\t\t\t\t\t\t\t<div class=\"elementor-shortcode\">[matricula_select_shortcode]<\/div>\n\t\t\t\t\t\t<\/div>\n\t\t\t\t<\/div>\n\t\t\t\t<div class=\"elementor-element elementor-element-3b3f3f4 elementor-invisible elementor-widget elementor-widget-shortcode\" data-id=\"3b3f3f4\" data-element_type=\"widget\" data-e-type=\"widget\" data-settings=\"{&quot;_animation&quot;:&quot;fadeIn&quot;,&quot;_animation_delay&quot;:100}\" data-widget_type=\"shortcode.default\">\n\t\t\t\t<div class=\"elementor-widget-container\">\n\t\t\t\t\t\t\t<div class=\"elementor-shortcode\">[matricula_content_shortcode]<\/div>\n\t\t\t\t\t\t<\/div>\n\t\t\t\t<\/div>\n\t\t\t\t<\/div>\n\t\t\t\t<\/div>\n\t\t<div class=\"elementor-element elementor-element-274a86d e-con-full e-flex e-con e-child\" data-id=\"274a86d\" data-element_type=\"container\" data-e-type=\"container\">\n\t\t\t\t<div class=\"elementor-element elementor-element-db6a0e5 elementor-widget elementor-widget-image\" data-id=\"db6a0e5\" data-element_type=\"widget\" data-e-type=\"widget\" data-widget_type=\"image.default\">\n\t\t\t\t<div class=\"elementor-widget-container\">\n\t\t\t\t\t\t\t\t\t<div class=\"elementor-image\">\n\t\t\t\t\t\t\t\t\t\t\t\t\t\t\t\t\t\t\t\t\t<img fetchpriority=\"high\" decoding=\"async\" width=\"1024\" height=\"684\" src=\"https:\/\/www.escuelavitae.com\/wp-content\/uploads\/2023\/12\/2921602-min-1024x684.jpg\" class=\"attachment-large size-large wp-image-1001904\" alt=\"Estudiar deporte online\" srcset=\"https:\/\/www.escuelavitae.com\/wp-content\/uploads\/2023\/12\/2921602-min-1024x684.jpg 1024w, https:\/\/www.escuelavitae.com\/wp-content\/uploads\/2023\/12\/2921602-min-300x200.jpg 300w, https:\/\/www.escuelavitae.com\/wp-content\/uploads\/2023\/12\/2921602-min-768x513.jpg 768w, https:\/\/www.escuelavitae.com\/wp-content\/uploads\/2023\/12\/2921602-min-1536x1026.jpg 1536w, https:\/\/www.escuelavitae.com\/wp-content\/uploads\/2023\/12\/2921602-min.jpg 2016w\" sizes=\"(max-width: 1024px) 100vw, 1024px\" \/>\t\t\t\t\t\t\t\t\t\t\t\t\t\t\t\t\t\t\t\t\t\t\t\t<\/div>\n\t\t\t\t\t\t\t\t<\/div>\n\t\t\t\t<\/div>\n\t\t\t\t<\/div>\n\t\t\t\t\t<\/div>\n\t\t\t\t<\/div>\n\t\t\t\t<\/div>\n\t\t","protected":false},"excerpt":{"rendered":"<p>Empieza tu camino profesional en el sector del deporte, la salud o los servicios comunitarios, con Escuela Vitae. Preinscripci\u00f3n: \u00bfTienes dudas? Nuestro equipo de orientaci\u00f3n est\u00e1 listo para ayudarte a encontrar el camino que mejor se ajusta a tus intereses y objetivos profesionales. Accede al formulario de solicitud de plaza. Selecciona el centro y la&#8230;<\/p>\n","protected":false},"author":1,"featured_media":0,"parent":0,"menu_order":0,"comment_status":"closed","ping_status":"closed","template":"","meta":{"om_disable_all_campaigns":false,"footnotes":""},"class_list":["post-996708","page","type-page","status-publish","hentry"],"aioseo_notices":[],"_links":{"self":[{"href":"https:\/\/www.escuelavitae.com\/es\/wp-json\/wp\/v2\/pages\/996708","targetHints":{"allow":["GET"]}}],"collection":[{"href":"https:\/\/www.escuelavitae.com\/es\/wp-json\/wp\/v2\/pages"}],"about":[{"href":"https:\/\/www.escuelavitae.com\/es\/wp-json\/wp\/v2\/types\/page"}],"author":[{"embeddable":true,"href":"https:\/\/www.escuelavitae.com\/es\/wp-json\/wp\/v2\/users\/1"}],"replies":[{"embeddable":true,"href":"https:\/\/www.escuelavitae.com\/es\/wp-json\/wp\/v2\/comments?post=996708"}],"version-history":[{"count":49,"href":"https:\/\/www.escuelavitae.com\/es\/wp-json\/wp\/v2\/pages\/996708\/revisions"}],"predecessor-version":[{"id":1014352,"href":"https:\/\/www.escuelavitae.com\/es\/wp-json\/wp\/v2\/pages\/996708\/revisions\/1014352"}],"wp:attachment":[{"href":"https:\/\/www.escuelavitae.com\/es\/wp-json\/wp\/v2\/media?parent=996708"}],"curies":[{"name":"wp","href":"https:\/\/api.w.org\/{rel}","templated":true}]}}