{"id":995221,"date":"2023-12-12T11:59:19","date_gmt":"2023-12-12T10:59:19","guid":{"rendered":"https:\/\/www.escuelavitae.com\/oferta-formativa\/certificats\/"},"modified":"2025-07-21T19:12:32","modified_gmt":"2025-07-21T17:12:32","slug":"certificados","status":"publish","type":"page","link":"https:\/\/www.escuelavitae.com\/es\/oferta-formativa\/certificados\/","title":{"rendered":"Certificados de Profesionalidad"},"content":{"rendered":"\t\t<div data-elementor-type=\"wp-page\" data-elementor-id=\"995221\" class=\"elementor elementor-995221 elementor-994238\" data-elementor-post-type=\"page\">\n\t\t\t\t\t\t<section class=\"elementor-section elementor-top-section elementor-element elementor-element-58d23ae elementor-section-height-min-height elementor-section-boxed elementor-section-height-default elementor-section-items-middle\" data-id=\"58d23ae\" data-element_type=\"section\" data-e-type=\"section\" data-settings=\"{&quot;background_background&quot;:&quot;classic&quot;}\">\n\t\t\t\t\t\t<div class=\"elementor-container elementor-column-gap-default\">\n\t\t\t\t\t<div class=\"elementor-column elementor-col-100 elementor-top-column elementor-element elementor-element-bfb6604\" data-id=\"bfb6604\" data-element_type=\"column\" data-e-type=\"column\" data-settings=\"{&quot;background_background&quot;:&quot;classic&quot;}\">\n\t\t\t<div class=\"elementor-widget-wrap\">\n\t\t\t\t\t\t\t<\/div>\n\t\t<\/div>\n\t\t\t\t\t<\/div>\n\t\t<\/section>\n\t\t\t\t<section class=\"elementor-section elementor-top-section elementor-element elementor-element-6ab5b01 elementor-section-boxed elementor-section-height-default elementor-section-height-default\" data-id=\"6ab5b01\" data-element_type=\"section\" data-e-type=\"section\" data-settings=\"{&quot;animation&quot;:&quot;none&quot;,&quot;animation_tablet&quot;:&quot;none&quot;,&quot;animation_mobile&quot;:&quot;none&quot;}\">\n\t\t\t\t\t\t<div class=\"elementor-container elementor-column-gap-no\">\n\t\t\t\t\t<div class=\"elementor-column elementor-col-50 elementor-top-column elementor-element elementor-element-0da7a87 animated-fast pastilla-verde elementor-invisible\" data-id=\"0da7a87\" data-element_type=\"column\" data-e-type=\"column\" data-settings=\"{&quot;background_background&quot;:&quot;classic&quot;,&quot;animation&quot;:&quot;fadeIn&quot;,&quot;animation_delay&quot;:100}\">\n\t\t\t<div class=\"elementor-widget-wrap elementor-element-populated\">\n\t\t\t\t\t\t<div class=\"elementor-element elementor-element-0d98ef7 elementor-widget elementor-widget-text-editor\" data-id=\"0d98ef7\" data-element_type=\"widget\" data-e-type=\"widget\" data-settings=\"{&quot;_animation&quot;:&quot;none&quot;,&quot;_animation_delay&quot;:300}\" data-widget_type=\"text-editor.default\">\n\t\t\t\t<div class=\"elementor-widget-container\">\n\t\t\t\t\t\t\t\t\t<p>Programas acreditados en deporte y salud que te capacitan para el \u00e9xito profesional y <strong>te permiten el registro en el ROPEC.<\/strong><\/p><p>Lleva tu afici\u00f3n a otro nivel. Haz del deporte tu futuro.\u00a0<\/p>\t\t\t\t\t\t\t\t<\/div>\n\t\t\t\t<\/div>\n\t\t\t\t\t<\/div>\n\t\t<\/div>\n\t\t\t\t<div class=\"elementor-column elementor-col-50 elementor-top-column elementor-element elementor-element-e89f2cb elementor-hidden-desktop elementor-hidden-tablet elementor-hidden-phone\" data-id=\"e89f2cb\" data-element_type=\"column\" data-e-type=\"column\">\n\t\t\t<div class=\"elementor-widget-wrap\">\n\t\t\t\t\t\t\t<\/div>\n\t\t<\/div>\n\t\t\t\t\t<\/div>\n\t\t<\/section>\n\t\t\t\t<section class=\"elementor-section elementor-top-section elementor-element elementor-element-72e1fc9 elementor-section-boxed elementor-section-height-default elementor-section-height-default\" data-id=\"72e1fc9\" data-element_type=\"section\" data-e-type=\"section\" data-settings=\"{&quot;animation&quot;:&quot;none&quot;,&quot;animation_tablet&quot;:&quot;none&quot;,&quot;animation_mobile&quot;:&quot;none&quot;,&quot;animation_delay&quot;:200}\">\n\t\t\t\t\t\t<div class=\"elementor-container elementor-column-gap-default\">\n\t\t\t\t\t<div class=\"elementor-column elementor-col-100 elementor-top-column elementor-element elementor-element-f1e88d9\" data-id=\"f1e88d9\" data-element_type=\"column\" data-e-type=\"column\">\n\t\t\t<div class=\"elementor-widget-wrap elementor-element-populated\">\n\t\t\t\t\t\t<div class=\"elementor-element elementor-element-39190eb elementor-widget elementor-widget-heading\" data-id=\"39190eb\" data-element_type=\"widget\" data-e-type=\"widget\" data-widget_type=\"heading.default\">\n\t\t\t\t<div class=\"elementor-widget-container\">\n\t\t\t\t\t<h2 class=\"elementor-heading-title elementor-size-default\">Tu pasi\u00f3n. Tu estilo de vida. Tu futuro. <\/h2>\t\t\t\t<\/div>\n\t\t\t\t<\/div>\n\t\t\t\t\t<\/div>\n\t\t<\/div>\n\t\t\t\t\t<\/div>\n\t\t<\/section>\n\t\t\t\t<section class=\"elementor-section elementor-top-section elementor-element elementor-element-6f4dcdd elementor-section-boxed elementor-section-height-default elementor-section-height-default\" data-id=\"6f4dcdd\" data-element_type=\"section\" data-e-type=\"section\" data-settings=\"{&quot;animation_mobile&quot;:&quot;none&quot;}\">\n\t\t\t\t\t\t<div class=\"elementor-container elementor-column-gap-default\">\n\t\t\t\t\t<div class=\"elementor-column elementor-col-100 elementor-top-column elementor-element elementor-element-39f61fc\" data-id=\"39f61fc\" data-element_type=\"column\" data-e-type=\"column\" data-settings=\"{&quot;animation_tablet&quot;:&quot;none&quot;,&quot;animation_mobile&quot;:&quot;none&quot;}\">\n\t\t\t<div class=\"elementor-widget-wrap elementor-element-populated\">\n\t\t\t\t\t\t<div class=\"elementor-element elementor-element-b2568bc elementor-widget elementor-widget-text-editor\" data-id=\"b2568bc\" data-element_type=\"widget\" data-e-type=\"widget\" data-settings=\"{&quot;_animation&quot;:&quot;none&quot;,&quot;_animation_tablet&quot;:&quot;none&quot;,&quot;_animation_mobile&quot;:&quot;none&quot;,&quot;_animation_delay&quot;:300}\" data-widget_type=\"text-editor.default\">\n\t\t\t\t<div class=\"elementor-widget-container\">\n\t\t\t\t\t\t\t\t\t<p>Los <strong>Certificados de Profesionalidad de Vitae<\/strong> cubren especialidades como el acondicionamiento f\u00edsico en sala de entrenamiento polivalente. Estos programas son <strong>ideales para profesionales que buscan especializarse en \u00e1reas espec\u00edficas de fitness y promoci\u00f3n de la salud<\/strong>, combinando formaci\u00f3n te\u00f3rica con pr\u00e1ctica intensiva.<\/p>\t\t\t\t\t\t\t\t<\/div>\n\t\t\t\t<\/div>\n\t\t\t\t\t<\/div>\n\t\t<\/div>\n\t\t\t\t\t<\/div>\n\t\t<\/section>\n\t\t\t\t<section class=\"elementor-section elementor-top-section elementor-element elementor-element-526283d elementor-section-boxed elementor-section-height-default elementor-section-height-default\" data-id=\"526283d\" data-element_type=\"section\" data-e-type=\"section\" data-settings=\"{&quot;background_background&quot;:&quot;classic&quot;}\">\n\t\t\t\t\t\t<div class=\"elementor-container elementor-column-gap-default\">\n\t\t\t\t\t<div class=\"elementor-column elementor-col-100 elementor-top-column elementor-element elementor-element-c1474a5\" data-id=\"c1474a5\" data-element_type=\"column\" data-e-type=\"column\" data-settings=\"{&quot;background_background&quot;:&quot;classic&quot;}\">\n\t\t\t<div class=\"elementor-widget-wrap elementor-element-populated\">\n\t\t\t\t\t\t<div class=\"elementor-element elementor-element-7f15f7d elementor-widget elementor-widget-heading\" data-id=\"7f15f7d\" data-element_type=\"widget\" data-e-type=\"widget\" data-widget_type=\"heading.default\">\n\t\t\t\t<div class=\"elementor-widget-container\">\n\t\t\t\t\t<h3 class=\"elementor-heading-title elementor-size-default\">Actividad f\u00edsica y deportiva<\/h3>\t\t\t\t<\/div>\n\t\t\t\t<\/div>\n\t\t\t\t<div class=\"elementor-element elementor-element-8d12356 elementor-widget__width-initial elementor-arrows-position-inside elementor-widget elementor-widget-loop-carousel\" data-id=\"8d12356\" data-element_type=\"widget\" data-e-type=\"widget\" data-settings=\"{&quot;template_id&quot;:990290,&quot;image_spacing_custom&quot;:{&quot;unit&quot;:&quot;px&quot;,&quot;size&quot;:30,&quot;sizes&quot;:[]},&quot;_skin&quot;:&quot;post&quot;,&quot;slides_to_show&quot;:&quot;3&quot;,&quot;slides_to_show_tablet&quot;:&quot;2&quot;,&quot;slides_to_show_mobile_extra&quot;:&quot;2&quot;,&quot;slides_to_show_mobile&quot;:&quot;1&quot;,&quot;slides_to_scroll&quot;:&quot;1&quot;,&quot;edit_handle_selector&quot;:&quot;.elementor-loop-container&quot;,&quot;autoplay&quot;:&quot;yes&quot;,&quot;autoplay_speed&quot;:5000,&quot;pause_on_hover&quot;:&quot;yes&quot;,&quot;pause_on_interaction&quot;:&quot;yes&quot;,&quot;speed&quot;:500,&quot;arrows&quot;:&quot;yes&quot;,&quot;image_spacing_custom_tablet&quot;:{&quot;unit&quot;:&quot;px&quot;,&quot;size&quot;:&quot;&quot;,&quot;sizes&quot;:[]},&quot;image_spacing_custom_mobile_extra&quot;:{&quot;unit&quot;:&quot;px&quot;,&quot;size&quot;:&quot;&quot;,&quot;sizes&quot;:[]},&quot;image_spacing_custom_mobile&quot;:{&quot;unit&quot;:&quot;px&quot;,&quot;size&quot;:&quot;&quot;,&quot;sizes&quot;:[]}}\" data-widget_type=\"loop-carousel.post\">\n\t\t\t\t<div class=\"elementor-widget-container\">\n\t\t\t\t\t\t\t<div class=\"swiper elementor-loop-container elementor-grid\" role=\"list\" dir=\"ltr\">\n\t\t\t\t<div class=\"swiper-wrapper\" aria-live=\"off\">\n\t\t<style id=\"loop-990290\">.elementor-990290 .elementor-element.elementor-element-b31fbdd > .elementor-container{max-width:400px;}.elementor-990290 .elementor-element.elementor-element-b31fbdd{margin-top:0px;margin-bottom:0px;padding:0px 0px 0px 0px;}.elementor-990290 .elementor-element.elementor-element-66278c5.elementor-column > .elementor-widget-wrap{justify-content:flex-start;}.elementor-990290 .elementor-element.elementor-element-66278c5 > .elementor-widget-wrap > .elementor-widget:not(.elementor-widget__width-auto):not(.elementor-widget__width-initial):not(:last-child):not(.elementor-absolute){margin-block-end:0px;}.elementor-990290 .elementor-element.elementor-element-66278c5 > .elementor-element-populated{margin-block-start:0px;margin-inline-start:0px;margin-block-end:0px;margin-inline-end:0px;--e-column-margin-right:0px;--e-column-margin-left:0px;padding-block-start:0px;padding-inline-start:0px;padding-block-end:0px;padding-inline-end:0px;}.elementor-990290 .elementor-element.elementor-element-8214cca{text-align:start;}.elementor-990290 .elementor-element.elementor-element-8214cca img{width:100%;max-width:100%;transition-duration:0.3s;}.elementor-990290 .elementor-element.elementor-element-8214cca .vamtam-image-wrapper{width:100%;max-width:100%;}.elementor-990290 .elementor-element.elementor-element-1cd171f .elementor-heading-title{font-size:26px;font-weight:600;}.elementor-990290 .elementor-element.elementor-element-1cd171f > .elementor-widget-container{margin:30px 20px 0px 0px;}.elementor-990290 .elementor-element.elementor-element-59e6b5e .elementor-widget-container{font-size:20px;font-weight:400;line-height:1.5em;}.elementor-990290 .elementor-element.elementor-element-59e6b5e > .elementor-widget-container{margin:5% 20% 0% 0%;padding:0% 0% 0% 0%;}@media(min-width:768px){.elementor-990290 .elementor-element.elementor-element-66278c5{width:100%;}}@media(max-width:1024px){.elementor-990290 .elementor-element.elementor-element-8214cca img{width:100%;}.elementor-990290 .elementor-element.elementor-element-8214cca .vamtam-image-wrapper{width:100%;}.elementor-990290 .elementor-element.elementor-element-59e6b5e > .elementor-widget-container{margin:0% 05% 0% 0%;padding:0px 0px 0px 0px;}}@media(max-width:767px){.elementor-990290 .elementor-element.elementor-element-59e6b5e > .elementor-widget-container{margin:0% 0% 0% 0%;padding:0% 0% 0% 0%;}}<\/style>\t\t<div data-elementor-type=\"loop-item\" data-elementor-id=\"990290\" class=\"elementor elementor-990290 swiper-slide e-loop-item e-loop-item-991682 post-991682 cursos type-cursos status-publish hentry category-ce-deporte category-certificado-curso category-certificado-profesionalidad category-curso-presencial\" data-elementor-post-type=\"elementor_library\" role=\"group\" aria-roledescription=\"slide\" data-custom-edit-handle=\"1\">\n\t\t\t\t\t<section class=\"elementor-section elementor-top-section elementor-element elementor-element-b31fbdd custom-global-loop elementor-section-boxed elementor-section-height-default elementor-section-height-default\" data-id=\"b31fbdd\" data-element_type=\"section\" data-e-type=\"section\">\n\t\t\t\t\t\t<div class=\"elementor-container elementor-column-gap-default\">\n\t\t\t\t\t<div class=\"elementor-column elementor-col-100 elementor-top-column elementor-element elementor-element-66278c5\" data-id=\"66278c5\" data-element_type=\"column\" data-e-type=\"column\">\n\t\t\t<div class=\"elementor-widget-wrap elementor-element-populated\">\n\t\t\t\t\t\t<div class=\"elementor-element elementor-element-8214cca elementor-widget elementor-widget-image\" data-id=\"8214cca\" data-element_type=\"widget\" data-e-type=\"widget\" data-widget_type=\"image.default\">\n\t\t\t\t<div class=\"elementor-widget-container\">\n\t\t\t\t\t\t\t\t\t<div class=\"elementor-image\">\n\t\t\t\t\t\t\t\t\t\t\t\t\t\t\t\t\t\t\t\t\t\t<a href=\"https:\/\/www.escuelavitae.com\/es\/cursos\/cursos-acondicionamiento-fisico-sala-entrenamiento-polivalente\/\">\n\t\t\t\t\t\t\t\t\t\t\t<img decoding=\"async\" src=\"https:\/\/www.escuelavitae.com\/wp-content\/uploads\/2023\/11\/vitae-escuela-del-deporte-condicionament-fisic-entrenament-polivalent-grid-4.jpg\" title=\"\" alt=\"\" class=\"elementor-animation-float\" loading=\"lazy\" \/>\t\t\t\t\t\t\t\t\t\t\t\t<\/a>\n\t\t\t\t\t\t\t\t\t\t\t\t\t\t\t\t\t\t\t\t\t\t\t\t<\/div>\n\t\t\t\t\t\t\t\t<\/div>\n\t\t\t\t<\/div>\n\t\t\t\t<div class=\"elementor-element elementor-element-1cd171f elementor-widget elementor-widget-heading\" data-id=\"1cd171f\" data-element_type=\"widget\" data-e-type=\"widget\" data-widget_type=\"heading.default\">\n\t\t\t\t<div class=\"elementor-widget-container\">\n\t\t\t\t\t<p class=\"elementor-heading-title elementor-size-default\"><a href=\"https:\/\/www.escuelavitae.com\/es\/cursos\/cursos-acondicionamiento-fisico-sala-entrenamiento-polivalente\/\">Acondicionamiento F\u00edsico en Sala de Entrenamiento Polivalente<\/a><\/p>\t\t\t\t<\/div>\n\t\t\t\t<\/div>\n\t\t\t\t<div class=\"elementor-element elementor-element-59e6b5e elementor-widget elementor-widget-theme-post-excerpt\" data-id=\"59e6b5e\" data-element_type=\"widget\" data-e-type=\"widget\" data-widget_type=\"theme-post-excerpt.default\">\n\t\t\t\t<div class=\"elementor-widget-container\">\n\t\t\t\t\tTu llave de acceso al entrenamiento personal. Aprende a dise\u00f1ar programas de fitness para mejorar la condici\u00f3n f\u00edsica de tus clientes. <\/br> <span class=\"icono_modalidad_presencial_slider\"><\/span><strong> Presencial<\/strong>\t\t\t\t<\/div>\n\t\t\t\t<\/div>\n\t\t\t\t\t<\/div>\n\t\t<\/div>\n\t\t\t\t\t<\/div>\n\t\t<\/section>\n\t\t\t\t<\/div>\n\t\t\t\t<\/div>\n\t\t<\/div>\n\t\t\t\t\t<div class=\"elementor-swiper-button elementor-swiper-button-prev\" role=\"button\" tabindex=\"0\" aria-label=\"Anterior\">\n\t\t\t\t<i aria-hidden=\"true\" class=\"vamtamtheme- vamtam-theme-arrow-left\"><\/i>\t\t\t<\/div>\n\t\t\t<div class=\"elementor-swiper-button elementor-swiper-button-next\" role=\"button\" tabindex=\"0\" aria-label=\"Siguiente\">\n\t\t\t\t<i aria-hidden=\"true\" class=\"vamtamtheme- vamtam-theme-arrow-right\"><\/i>\t\t\t<\/div>\n\t\t\t\t\t\t<\/div>\n\t\t\t\t<\/div>\n\t\t\t\t\t<\/div>\n\t\t<\/div>\n\t\t\t\t\t<\/div>\n\t\t<\/section>\n\t\t\t\t<section class=\"elementor-section elementor-top-section elementor-element elementor-element-2a7faef4 elementor-section-boxed elementor-section-height-default elementor-section-height-default\" data-id=\"2a7faef4\" data-element_type=\"section\" data-e-type=\"section\" data-settings=\"{&quot;background_background&quot;:&quot;classic&quot;}\">\n\t\t\t\t\t\t<div class=\"elementor-container elementor-column-gap-default\">\n\t\t\t\t\t<div class=\"elementor-column elementor-col-100 elementor-top-column elementor-element elementor-element-4e024bdd\" data-id=\"4e024bdd\" data-element_type=\"column\" data-e-type=\"column\">\n\t\t\t<div class=\"elementor-widget-wrap elementor-element-populated\">\n\t\t\t\t\t\t<div class=\"elementor-element elementor-element-1bd86520 elementor-widget elementor-widget-heading\" data-id=\"1bd86520\" data-element_type=\"widget\" data-e-type=\"widget\" data-widget_type=\"heading.default\">\n\t\t\t\t<div class=\"elementor-widget-container\">\n\t\t\t\t\t<p class=\"elementor-heading-title elementor-size-default\">Convierte tu afici\u00f3n en tu profesi\u00f3n<\/p>\t\t\t\t<\/div>\n\t\t\t\t<\/div>\n\t\t\t\t<div class=\"elementor-element elementor-element-21fdc4bd elementor-widget elementor-widget-text-editor\" data-id=\"21fdc4bd\" data-element_type=\"widget\" data-e-type=\"widget\" data-widget_type=\"text-editor.default\">\n\t\t\t\t<div class=\"elementor-widget-container\">\n\t\t\t\t\t\t\t\t\t<p>F\u00f3rmate para transformar<\/p>\t\t\t\t\t\t\t\t<\/div>\n\t\t\t\t<\/div>\n\t\t\t\t<div class=\"elementor-element elementor-element-bbb0961 elementor-align-center elementor-mobile-align-justify elementor-widget elementor-widget-button\" data-id=\"bbb0961\" data-element_type=\"widget\" data-e-type=\"widget\" data-widget_type=\"button.default\">\n\t\t\t\t<div class=\"elementor-widget-container\">\n\t\t\t\t\t\t\t\t\t<div class=\"elementor-button-wrapper\">\n\t\t\t\t\t<a class=\"elementor-button elementor-button-link elementor-size-sm\" href=\"https:\/\/www.escuelavitae.com\/es\/entrevista\/\">\n\t\t\t\t\t\t<span class=\"elementor-button-content-wrapper\">\n\t\t\t\t\t\t<span class=\"elementor-button-icon\">\n\t\t\t\t<i aria-hidden=\"true\" class=\"vamtamtheme- vamtam-theme-arrow-right\"><\/i>\t\t\t<\/span>\n\t\t\t\t\t\t\t\t\t<span class=\"elementor-button-text\">Solicitar informaci\u00f3n<\/span>\n\t\t\t\t\t<\/span>\n\t\t\t\t\t<\/a>\n\t\t\t\t<\/div>\n\t\t\t\t\t\t\t\t<\/div>\n\t\t\t\t<\/div>\n\t\t\t\t\t<\/div>\n\t\t<\/div>\n\t\t\t\t\t<\/div>\n\t\t<\/section>\n\t\t\t\t<\/div>\n\t\t","protected":false},"excerpt":{"rendered":"<p>Programas acreditados en deporte y salud que te capacitan para el \u00e9xito profesional y te permiten el registro en el ROPEC. Lleva tu afici\u00f3n a otro nivel. Haz del deporte tu futuro.\u00a0 Tu pasi\u00f3n. Tu estilo de vida. Tu futuro. Los Certificados de Profesionalidad de Vitae cubren especialidades como el acondicionamiento f\u00edsico en sala de&#8230;<\/p>\n","protected":false},"author":1,"featured_media":1003598,"parent":995220,"menu_order":3,"comment_status":"closed","ping_status":"closed","template":"","meta":{"om_disable_all_campaigns":false,"footnotes":""},"class_list":["post-995221","page","type-page","status-publish","has-post-thumbnail","hentry"],"aioseo_notices":[],"_links":{"self":[{"href":"https:\/\/www.escuelavitae.com\/es\/wp-json\/wp\/v2\/pages\/995221","targetHints":{"allow":["GET"]}}],"collection":[{"href":"https:\/\/www.escuelavitae.com\/es\/wp-json\/wp\/v2\/pages"}],"about":[{"href":"https:\/\/www.escuelavitae.com\/es\/wp-json\/wp\/v2\/types\/page"}],"author":[{"embeddable":true,"href":"https:\/\/www.escuelavitae.com\/es\/wp-json\/wp\/v2\/users\/1"}],"replies":[{"embeddable":true,"href":"https:\/\/www.escuelavitae.com\/es\/wp-json\/wp\/v2\/comments?post=995221"}],"version-history":[{"count":56,"href":"https:\/\/www.escuelavitae.com\/es\/wp-json\/wp\/v2\/pages\/995221\/revisions"}],"predecessor-version":[{"id":1015727,"href":"https:\/\/www.escuelavitae.com\/es\/wp-json\/wp\/v2\/pages\/995221\/revisions\/1015727"}],"up":[{"embeddable":true,"href":"https:\/\/www.escuelavitae.com\/es\/wp-json\/wp\/v2\/pages\/995220"}],"wp:featuredmedia":[{"embeddable":true,"href":"https:\/\/www.escuelavitae.com\/es\/wp-json\/wp\/v2\/media\/1003598"}],"wp:attachment":[{"href":"https:\/\/www.escuelavitae.com\/es\/wp-json\/wp\/v2\/media?parent=995221"}],"curies":[{"name":"wp","href":"https:\/\/api.w.org\/{rel}","templated":true}]}}