{"id":1020710,"date":"2026-03-16T12:13:18","date_gmt":"2026-03-16T11:13:18","guid":{"rendered":"https:\/\/www.escuelavitae.com\/oferta-formativa\/ensenyaments-esportius\/"},"modified":"2026-03-16T16:57:36","modified_gmt":"2026-03-16T15:57:36","slug":"ensenanzas-deportivas","status":"publish","type":"page","link":"https:\/\/www.escuelavitae.com\/es\/oferta-formativa\/ensenanzas-deportivas\/","title":{"rendered":"Ense\u00f1anzas Deportivas"},"content":{"rendered":"\t\t<div data-elementor-type=\"wp-page\" data-elementor-id=\"1020710\" class=\"elementor elementor-1020710 elementor-1020707\" data-elementor-post-type=\"page\">\n\t\t\t\t\t\t<section class=\"elementor-section elementor-top-section elementor-element elementor-element-58d23ae elementor-section-height-min-height elementor-section-boxed elementor-section-height-default elementor-section-items-middle\" data-id=\"58d23ae\" data-element_type=\"section\" data-e-type=\"section\" data-settings=\"{&quot;background_background&quot;:&quot;classic&quot;}\">\n\t\t\t\t\t\t<div class=\"elementor-container elementor-column-gap-default\">\n\t\t\t\t\t<div class=\"elementor-column elementor-col-100 elementor-top-column elementor-element elementor-element-bfb6604\" data-id=\"bfb6604\" data-element_type=\"column\" data-e-type=\"column\" data-settings=\"{&quot;background_background&quot;:&quot;classic&quot;}\">\n\t\t\t<div class=\"elementor-widget-wrap\">\n\t\t\t\t\t\t\t<\/div>\n\t\t<\/div>\n\t\t\t\t\t<\/div>\n\t\t<\/section>\n\t\t\t\t<section class=\"elementor-section elementor-top-section elementor-element elementor-element-6ab5b01 elementor-section-boxed elementor-section-height-default elementor-section-height-default\" data-id=\"6ab5b01\" data-element_type=\"section\" data-e-type=\"section\" data-settings=\"{&quot;animation&quot;:&quot;none&quot;,&quot;animation_tablet&quot;:&quot;none&quot;,&quot;animation_mobile&quot;:&quot;none&quot;}\">\n\t\t\t\t\t\t<div class=\"elementor-container elementor-column-gap-no\">\n\t\t\t\t\t<div class=\"elementor-column elementor-col-50 elementor-top-column elementor-element elementor-element-0da7a87 animated-fast pastilla-verde elementor-invisible\" data-id=\"0da7a87\" data-element_type=\"column\" data-e-type=\"column\" data-settings=\"{&quot;background_background&quot;:&quot;classic&quot;,&quot;animation&quot;:&quot;fadeIn&quot;,&quot;animation_delay&quot;:100}\">\n\t\t\t<div class=\"elementor-widget-wrap elementor-element-populated\">\n\t\t\t\t\t\t<div class=\"elementor-element elementor-element-0d98ef7 elementor-widget elementor-widget-text-editor\" data-id=\"0d98ef7\" data-element_type=\"widget\" data-e-type=\"widget\" data-settings=\"{&quot;_animation&quot;:&quot;none&quot;,&quot;_animation_delay&quot;:300}\" data-widget_type=\"text-editor.default\">\n\t\t\t\t<div class=\"elementor-widget-container\">\n\t\t\t\t\t\t\t\t\t<p>Programas acreditados en deporte y salud que te capacitan para el \u00e9xito profesional y\u00a0<strong>te permiten el registro en el ROPEC.<\/strong><\/p><p>Lleva tu afici\u00f3n a otro nivel. Haz del deporte tu futuro.<\/p>\t\t\t\t\t\t\t\t<\/div>\n\t\t\t\t<\/div>\n\t\t\t\t\t<\/div>\n\t\t<\/div>\n\t\t\t\t<div class=\"elementor-column elementor-col-50 elementor-top-column elementor-element elementor-element-e89f2cb elementor-hidden-desktop elementor-hidden-tablet elementor-hidden-phone\" data-id=\"e89f2cb\" data-element_type=\"column\" data-e-type=\"column\">\n\t\t\t<div class=\"elementor-widget-wrap\">\n\t\t\t\t\t\t\t<\/div>\n\t\t<\/div>\n\t\t\t\t\t<\/div>\n\t\t<\/section>\n\t\t\t\t<section class=\"elementor-section elementor-top-section elementor-element elementor-element-72e1fc9 elementor-section-boxed elementor-section-height-default elementor-section-height-default\" data-id=\"72e1fc9\" data-element_type=\"section\" data-e-type=\"section\" data-settings=\"{&quot;animation&quot;:&quot;none&quot;,&quot;animation_tablet&quot;:&quot;none&quot;,&quot;animation_mobile&quot;:&quot;none&quot;,&quot;animation_delay&quot;:200}\">\n\t\t\t\t\t\t<div class=\"elementor-container elementor-column-gap-default\">\n\t\t\t\t\t<div class=\"elementor-column elementor-col-100 elementor-top-column elementor-element elementor-element-f1e88d9\" data-id=\"f1e88d9\" data-element_type=\"column\" data-e-type=\"column\">\n\t\t\t<div class=\"elementor-widget-wrap elementor-element-populated\">\n\t\t\t\t\t\t<div class=\"elementor-element elementor-element-39190eb elementor-widget elementor-widget-heading\" data-id=\"39190eb\" data-element_type=\"widget\" data-e-type=\"widget\" data-widget_type=\"heading.default\">\n\t\t\t\t<div class=\"elementor-widget-container\">\n\t\t\t\t\t<h2 class=\"elementor-heading-title elementor-size-default\">Tu pasi\u00f3n. Tu estilo de vida. Tu futuro.<\/h2>\t\t\t\t<\/div>\n\t\t\t\t<\/div>\n\t\t\t\t\t<\/div>\n\t\t<\/div>\n\t\t\t\t\t<\/div>\n\t\t<\/section>\n\t\t\t\t<section class=\"elementor-section elementor-top-section elementor-element elementor-element-6f4dcdd elementor-section-boxed elementor-section-height-default elementor-section-height-default\" data-id=\"6f4dcdd\" data-element_type=\"section\" data-e-type=\"section\" data-settings=\"{&quot;animation_mobile&quot;:&quot;none&quot;}\">\n\t\t\t\t\t\t<div class=\"elementor-container elementor-column-gap-default\">\n\t\t\t\t\t<div class=\"elementor-column elementor-col-100 elementor-top-column elementor-element elementor-element-39f61fc\" data-id=\"39f61fc\" data-element_type=\"column\" data-e-type=\"column\" data-settings=\"{&quot;animation_tablet&quot;:&quot;none&quot;,&quot;animation_mobile&quot;:&quot;none&quot;}\">\n\t\t\t<div class=\"elementor-widget-wrap elementor-element-populated\">\n\t\t\t\t\t\t<div class=\"elementor-element elementor-element-b2568bc elementor-widget elementor-widget-text-editor\" data-id=\"b2568bc\" data-element_type=\"widget\" data-e-type=\"widget\" data-settings=\"{&quot;_animation&quot;:&quot;none&quot;,&quot;_animation_tablet&quot;:&quot;none&quot;,&quot;_animation_mobile&quot;:&quot;none&quot;,&quot;_animation_delay&quot;:300}\" data-widget_type=\"text-editor.default\">\n\t\t\t\t<div class=\"elementor-widget-container\">\n\t\t\t\t\t\t\t\t\t<p data-start=\"0\" data-end=\"423\">Las <strong data-start=\"4\" data-end=\"29\">Ense\u00f1anzas Deportivas<\/strong> de Vitae te ofrecen una formaci\u00f3n especializada para crecer profesionalmente dentro del sector de la actividad f\u00edsica y el entrenamiento. Son programas que combinan una <strong>base te\u00f3rica, pr\u00e1ctica intensiva y contacto con la realidad profesional,<\/strong> para que puedas adquirir conocimientos aplicables desde el primer momento y desarrollar competencias t\u00e9cnicas, criterio y seguridad en la intervenci\u00f3n.<\/p><p data-start=\"425\" data-end=\"684\" data-is-last-node=\"\" data-is-only-node=\"\">Adem\u00e1s, estos estudios no solo te preparan para incorporarte al mundo laboral, sino que <strong>tambi\u00e9n te abren la puerta a la continuidad acad\u00e9mica<\/strong>, permiti\u00e9ndote seguir especializ\u00e1ndote y construir un itinerario formativo coherente dentro del \u00e1mbito deportivo.<\/p><p data-start=\"1008\" data-end=\"1141\" data-is-last-node=\"\" data-is-only-node=\"\">\u00a0<\/p>\t\t\t\t\t\t\t\t<\/div>\n\t\t\t\t<\/div>\n\t\t\t\t\t<\/div>\n\t\t<\/div>\n\t\t\t\t\t<\/div>\n\t\t<\/section>\n\t\t\t\t<section class=\"elementor-section elementor-top-section elementor-element elementor-element-526283d elementor-section-boxed elementor-section-height-default elementor-section-height-default\" data-id=\"526283d\" data-element_type=\"section\" data-e-type=\"section\" data-settings=\"{&quot;background_background&quot;:&quot;classic&quot;}\">\n\t\t\t\t\t\t<div class=\"elementor-container elementor-column-gap-default\">\n\t\t\t\t\t<div class=\"elementor-column elementor-col-100 elementor-top-column elementor-element elementor-element-c1474a5\" data-id=\"c1474a5\" data-element_type=\"column\" data-e-type=\"column\" data-settings=\"{&quot;background_background&quot;:&quot;classic&quot;}\">\n\t\t\t<div class=\"elementor-widget-wrap elementor-element-populated\">\n\t\t\t\t\t\t<div class=\"elementor-element elementor-element-7f15f7d elementor-widget elementor-widget-heading\" data-id=\"7f15f7d\" data-element_type=\"widget\" data-e-type=\"widget\" data-widget_type=\"heading.default\">\n\t\t\t\t<div class=\"elementor-widget-container\">\n\t\t\t\t\t<h3 class=\"elementor-heading-title elementor-size-default\">Ense\u00f1anzas Deportivas<\/h3>\t\t\t\t<\/div>\n\t\t\t\t<\/div>\n\t\t\t\t<div class=\"elementor-element elementor-element-8d12356 elementor-widget__width-initial elementor-arrows-position-inside elementor-widget elementor-widget-loop-carousel\" data-id=\"8d12356\" data-element_type=\"widget\" data-e-type=\"widget\" data-settings=\"{&quot;template_id&quot;:990290,&quot;image_spacing_custom&quot;:{&quot;unit&quot;:&quot;px&quot;,&quot;size&quot;:30,&quot;sizes&quot;:[]},&quot;_skin&quot;:&quot;post&quot;,&quot;slides_to_show&quot;:&quot;3&quot;,&quot;slides_to_show_tablet&quot;:&quot;2&quot;,&quot;slides_to_show_mobile_extra&quot;:&quot;2&quot;,&quot;slides_to_show_mobile&quot;:&quot;1&quot;,&quot;slides_to_scroll&quot;:&quot;1&quot;,&quot;edit_handle_selector&quot;:&quot;.elementor-loop-container&quot;,&quot;autoplay&quot;:&quot;yes&quot;,&quot;autoplay_speed&quot;:5000,&quot;pause_on_hover&quot;:&quot;yes&quot;,&quot;pause_on_interaction&quot;:&quot;yes&quot;,&quot;speed&quot;:500,&quot;arrows&quot;:&quot;yes&quot;,&quot;image_spacing_custom_tablet&quot;:{&quot;unit&quot;:&quot;px&quot;,&quot;size&quot;:&quot;&quot;,&quot;sizes&quot;:[]},&quot;image_spacing_custom_mobile_extra&quot;:{&quot;unit&quot;:&quot;px&quot;,&quot;size&quot;:&quot;&quot;,&quot;sizes&quot;:[]},&quot;image_spacing_custom_mobile&quot;:{&quot;unit&quot;:&quot;px&quot;,&quot;size&quot;:&quot;&quot;,&quot;sizes&quot;:[]}}\" data-widget_type=\"loop-carousel.post\">\n\t\t\t\t<div class=\"elementor-widget-container\">\n\t\t\t\t\t\t\t<div class=\"swiper elementor-loop-container elementor-grid\" role=\"list\" dir=\"ltr\">\n\t\t\t\t<div class=\"swiper-wrapper\" aria-live=\"off\">\n\t\t<style id=\"loop-990290\">.elementor-990290 .elementor-element.elementor-element-b31fbdd > .elementor-container{max-width:400px;}.elementor-990290 .elementor-element.elementor-element-b31fbdd{margin-top:0px;margin-bottom:0px;padding:0px 0px 0px 0px;}.elementor-990290 .elementor-element.elementor-element-66278c5.elementor-column > .elementor-widget-wrap{justify-content:flex-start;}.elementor-990290 .elementor-element.elementor-element-66278c5 > .elementor-widget-wrap > .elementor-widget:not(.elementor-widget__width-auto):not(.elementor-widget__width-initial):not(:last-child):not(.elementor-absolute){margin-block-end:0px;}.elementor-990290 .elementor-element.elementor-element-66278c5 > .elementor-element-populated{margin-block-start:0px;margin-inline-start:0px;margin-block-end:0px;margin-inline-end:0px;--e-column-margin-right:0px;--e-column-margin-left:0px;padding-block-start:0px;padding-inline-start:0px;padding-block-end:0px;padding-inline-end:0px;}.elementor-990290 .elementor-element.elementor-element-8214cca{text-align:start;}.elementor-990290 .elementor-element.elementor-element-8214cca img{width:100%;max-width:100%;transition-duration:0.3s;}.elementor-990290 .elementor-element.elementor-element-8214cca .vamtam-image-wrapper{width:100%;max-width:100%;}.elementor-990290 .elementor-element.elementor-element-1cd171f .elementor-heading-title{font-size:26px;font-weight:600;}.elementor-990290 .elementor-element.elementor-element-1cd171f > .elementor-widget-container{margin:30px 20px 0px 0px;}.elementor-990290 .elementor-element.elementor-element-59e6b5e .elementor-widget-container{font-size:20px;font-weight:400;line-height:1.5em;}.elementor-990290 .elementor-element.elementor-element-59e6b5e > .elementor-widget-container{margin:5% 20% 0% 0%;padding:0% 0% 0% 0%;}@media(min-width:768px){.elementor-990290 .elementor-element.elementor-element-66278c5{width:100%;}}@media(max-width:1024px){.elementor-990290 .elementor-element.elementor-element-8214cca img{width:100%;}.elementor-990290 .elementor-element.elementor-element-8214cca .vamtam-image-wrapper{width:100%;}.elementor-990290 .elementor-element.elementor-element-59e6b5e > .elementor-widget-container{margin:0% 05% 0% 0%;padding:0px 0px 0px 0px;}}@media(max-width:767px){.elementor-990290 .elementor-element.elementor-element-59e6b5e > .elementor-widget-container{margin:0% 0% 0% 0%;padding:0% 0% 0% 0%;}}<\/style>\t\t<div data-elementor-type=\"loop-item\" data-elementor-id=\"990290\" class=\"elementor elementor-990290 swiper-slide e-loop-item e-loop-item-1020407 post-1020407 cursos type-cursos status-publish hentry category-curso-presencial category-ensenanza category-ensenanzas-deportivas\" data-elementor-post-type=\"elementor_library\" role=\"group\" aria-roledescription=\"slide\" data-custom-edit-handle=\"1\">\n\t\t\t\t\t<section class=\"elementor-section elementor-top-section elementor-element elementor-element-b31fbdd custom-global-loop elementor-section-boxed elementor-section-height-default elementor-section-height-default\" data-id=\"b31fbdd\" data-element_type=\"section\" data-e-type=\"section\">\n\t\t\t\t\t\t<div class=\"elementor-container elementor-column-gap-default\">\n\t\t\t\t\t<div class=\"elementor-column elementor-col-100 elementor-top-column elementor-element elementor-element-66278c5\" data-id=\"66278c5\" data-element_type=\"column\" data-e-type=\"column\">\n\t\t\t<div class=\"elementor-widget-wrap elementor-element-populated\">\n\t\t\t\t\t\t<div class=\"elementor-element elementor-element-8214cca elementor-widget elementor-widget-image\" data-id=\"8214cca\" data-element_type=\"widget\" data-e-type=\"widget\" data-widget_type=\"image.default\">\n\t\t\t\t<div class=\"elementor-widget-container\">\n\t\t\t\t\t\t\t\t\t<div class=\"elementor-image\">\n\t\t\t\t\t\t\t\t\t\t\t\t\t\t\t\t\t\t\t\t\t\t<a href=\"https:\/\/www.escuelavitae.com\/es\/cursos\/tecnico-de-futbol-nivel-i-y-ii\/\">\n\t\t\t\t\t\t\t\t\t\t\t<img decoding=\"async\" src=\"https:\/\/www.escuelavitae.com\/wp-content\/uploads\/2026\/03\/vitae-escola-esport-salut-tecnic-entrenador-futbol-nivell-1-2-grid.png\" title=\"\" alt=\"\" class=\"elementor-animation-float\" loading=\"lazy\" \/>\t\t\t\t\t\t\t\t\t\t\t\t<\/a>\n\t\t\t\t\t\t\t\t\t\t\t\t\t\t\t\t\t\t\t\t\t\t\t\t<\/div>\n\t\t\t\t\t\t\t\t<\/div>\n\t\t\t\t<\/div>\n\t\t\t\t<div class=\"elementor-element elementor-element-1cd171f elementor-widget elementor-widget-heading\" data-id=\"1cd171f\" data-element_type=\"widget\" data-e-type=\"widget\" data-widget_type=\"heading.default\">\n\t\t\t\t<div class=\"elementor-widget-container\">\n\t\t\t\t\t<p class=\"elementor-heading-title elementor-size-default\"><a href=\"https:\/\/www.escuelavitae.com\/es\/cursos\/tecnico-de-futbol-nivel-i-y-ii\/\">T\u00e9cnico de F\u00fatbol Nivel I y II<\/a><\/p>\t\t\t\t<\/div>\n\t\t\t\t<\/div>\n\t\t\t\t<div class=\"elementor-element elementor-element-59e6b5e elementor-widget elementor-widget-theme-post-excerpt\" data-id=\"59e6b5e\" data-element_type=\"widget\" data-e-type=\"widget\" data-widget_type=\"theme-post-excerpt.default\">\n\t\t\t\t<div class=\"elementor-widget-container\">\n\t\t\t\t\tUna formaci\u00f3n reglada que combina rigor acad\u00e9mico y una forma \u00fanica de entender el f\u00fatbol para construir tu camino como entrenador\/a.<\/br> <span class=\"icono_modalidad_presencial_slider\"><\/span><strong> Presencial<\/strong>\t\t\t\t<\/div>\n\t\t\t\t<\/div>\n\t\t\t\t\t<\/div>\n\t\t<\/div>\n\t\t\t\t\t<\/div>\n\t\t<\/section>\n\t\t\t\t<\/div>\n\t\t\t\t<\/div>\n\t\t<\/div>\n\t\t\t\t\t<div class=\"elementor-swiper-button elementor-swiper-button-prev\" role=\"button\" tabindex=\"0\" aria-label=\"Anterior\">\n\t\t\t\t<i aria-hidden=\"true\" class=\"vamtamtheme- vamtam-theme-arrow-left\"><\/i>\t\t\t<\/div>\n\t\t\t<div class=\"elementor-swiper-button elementor-swiper-button-next\" role=\"button\" tabindex=\"0\" aria-label=\"Siguiente\">\n\t\t\t\t<i aria-hidden=\"true\" class=\"vamtamtheme- vamtam-theme-arrow-right\"><\/i>\t\t\t<\/div>\n\t\t\t\t\t\t<\/div>\n\t\t\t\t<\/div>\n\t\t\t\t\t<\/div>\n\t\t<\/div>\n\t\t\t\t\t<\/div>\n\t\t<\/section>\n\t\t\t\t<section class=\"elementor-section elementor-top-section elementor-element elementor-element-2a7faef4 elementor-section-boxed elementor-section-height-default elementor-section-height-default\" data-id=\"2a7faef4\" data-element_type=\"section\" data-e-type=\"section\" data-settings=\"{&quot;background_background&quot;:&quot;classic&quot;}\">\n\t\t\t\t\t\t<div class=\"elementor-container elementor-column-gap-default\">\n\t\t\t\t\t<div class=\"elementor-column elementor-col-100 elementor-top-column elementor-element elementor-element-4e024bdd\" data-id=\"4e024bdd\" data-element_type=\"column\" data-e-type=\"column\">\n\t\t\t<div class=\"elementor-widget-wrap elementor-element-populated\">\n\t\t\t\t\t\t<div class=\"elementor-element elementor-element-1bd86520 elementor-widget elementor-widget-heading\" data-id=\"1bd86520\" data-element_type=\"widget\" data-e-type=\"widget\" data-widget_type=\"heading.default\">\n\t\t\t\t<div class=\"elementor-widget-container\">\n\t\t\t\t\t<p class=\"elementor-heading-title elementor-size-default\">Convierte tu afici\u00f3n en tu profesi\u00f3n<\/p>\t\t\t\t<\/div>\n\t\t\t\t<\/div>\n\t\t\t\t<div class=\"elementor-element elementor-element-21fdc4bd elementor-widget elementor-widget-text-editor\" data-id=\"21fdc4bd\" data-element_type=\"widget\" data-e-type=\"widget\" data-widget_type=\"text-editor.default\">\n\t\t\t\t<div class=\"elementor-widget-container\">\n\t\t\t\t\t\t\t\t\t<p>F\u00f3rmate para transformar<\/p>\t\t\t\t\t\t\t\t<\/div>\n\t\t\t\t<\/div>\n\t\t\t\t<div class=\"elementor-element elementor-element-29d00a6 elementor-align-center elementor-mobile-align-justify elementor-widget elementor-widget-button\" data-id=\"29d00a6\" data-element_type=\"widget\" data-e-type=\"widget\" data-widget_type=\"button.default\">\n\t\t\t\t<div class=\"elementor-widget-container\">\n\t\t\t\t\t\t\t\t\t<div class=\"elementor-button-wrapper\">\n\t\t\t\t\t<a class=\"elementor-button elementor-button-link elementor-size-sm\" href=\"https:\/\/www.escuelavitae.com\/es\/entrevista\/\">\n\t\t\t\t\t\t<span class=\"elementor-button-content-wrapper\">\n\t\t\t\t\t\t<span class=\"elementor-button-icon\">\n\t\t\t\t<i aria-hidden=\"true\" class=\"vamtamtheme- vamtam-theme-arrow-right\"><\/i>\t\t\t<\/span>\n\t\t\t\t\t\t\t\t\t<span class=\"elementor-button-text\">Solicitar informaci\u00f3n<\/span>\n\t\t\t\t\t<\/span>\n\t\t\t\t\t<\/a>\n\t\t\t\t<\/div>\n\t\t\t\t\t\t\t\t<\/div>\n\t\t\t\t<\/div>\n\t\t\t\t\t<\/div>\n\t\t<\/div>\n\t\t\t\t\t<\/div>\n\t\t<\/section>\n\t\t\t\t<\/div>\n\t\t","protected":false},"excerpt":{"rendered":"<p>Programas acreditados en deporte y salud que te capacitan para el \u00e9xito profesional y\u00a0te permiten el registro en el ROPEC. Lleva tu afici\u00f3n a otro nivel. Haz del deporte tu futuro. Tu pasi\u00f3n. Tu estilo de vida. Tu futuro. Las Ense\u00f1anzas Deportivas de Vitae te ofrecen una formaci\u00f3n especializada para crecer profesionalmente dentro del sector&#8230;<\/p>\n","protected":false},"author":1,"featured_media":1020829,"parent":995220,"menu_order":2,"comment_status":"closed","ping_status":"closed","template":"","meta":{"om_disable_all_campaigns":false,"footnotes":""},"class_list":["post-1020710","page","type-page","status-publish","has-post-thumbnail","hentry"],"aioseo_notices":[],"_links":{"self":[{"href":"https:\/\/www.escuelavitae.com\/es\/wp-json\/wp\/v2\/pages\/1020710","targetHints":{"allow":["GET"]}}],"collection":[{"href":"https:\/\/www.escuelavitae.com\/es\/wp-json\/wp\/v2\/pages"}],"about":[{"href":"https:\/\/www.escuelavitae.com\/es\/wp-json\/wp\/v2\/types\/page"}],"author":[{"embeddable":true,"href":"https:\/\/www.escuelavitae.com\/es\/wp-json\/wp\/v2\/users\/1"}],"replies":[{"embeddable":true,"href":"https:\/\/www.escuelavitae.com\/es\/wp-json\/wp\/v2\/comments?post=1020710"}],"version-history":[{"count":22,"href":"https:\/\/www.escuelavitae.com\/es\/wp-json\/wp\/v2\/pages\/1020710\/revisions"}],"predecessor-version":[{"id":1020884,"href":"https:\/\/www.escuelavitae.com\/es\/wp-json\/wp\/v2\/pages\/1020710\/revisions\/1020884"}],"up":[{"embeddable":true,"href":"https:\/\/www.escuelavitae.com\/es\/wp-json\/wp\/v2\/pages\/995220"}],"wp:featuredmedia":[{"embeddable":true,"href":"https:\/\/www.escuelavitae.com\/es\/wp-json\/wp\/v2\/media\/1020829"}],"wp:attachment":[{"href":"https:\/\/www.escuelavitae.com\/es\/wp-json\/wp\/v2\/media?parent=1020710"}],"curies":[{"name":"wp","href":"https:\/\/api.w.org\/{rel}","templated":true}]}}