{"id":1019795,"date":"2026-03-05T13:36:23","date_gmt":"2026-03-05T12:36:23","guid":{"rendered":"https:\/\/www.escuelavitae.com\/informacio-academica\/"},"modified":"2026-03-10T14:25:23","modified_gmt":"2026-03-10T13:25:23","slug":"informacion-academica","status":"publish","type":"page","link":"https:\/\/www.escuelavitae.com\/es\/informacion-academica\/","title":{"rendered":"Informaci\u00f3n acad\u00e9mica"},"content":{"rendered":"\t\t<div data-elementor-type=\"wp-page\" data-elementor-id=\"1019795\" class=\"elementor elementor-1019795 elementor-1019151\" data-elementor-post-type=\"page\">\n\t\t\t\t\t\t<section class=\"elementor-section elementor-top-section elementor-element elementor-element-58d23ae elementor-section-height-min-height elementor-section-boxed elementor-section-height-default elementor-section-items-middle\" data-id=\"58d23ae\" data-element_type=\"section\" data-e-type=\"section\" data-settings=\"{&quot;background_background&quot;:&quot;classic&quot;}\">\n\t\t\t\t\t\t<div class=\"elementor-container elementor-column-gap-default\">\n\t\t\t\t\t<div class=\"elementor-column elementor-col-100 elementor-top-column elementor-element elementor-element-bfb6604\" data-id=\"bfb6604\" data-element_type=\"column\" data-e-type=\"column\" data-settings=\"{&quot;background_background&quot;:&quot;classic&quot;}\">\n\t\t\t<div class=\"elementor-widget-wrap\">\n\t\t\t\t\t\t\t<\/div>\n\t\t<\/div>\n\t\t\t\t\t<\/div>\n\t\t<\/section>\n\t\t\t\t<section class=\"elementor-section elementor-top-section elementor-element elementor-element-52a60e3 elementor-section-boxed elementor-section-height-default elementor-section-height-default\" data-id=\"52a60e3\" data-element_type=\"section\" data-e-type=\"section\" data-settings=\"{&quot;animation&quot;:&quot;none&quot;,&quot;animation_tablet&quot;:&quot;none&quot;,&quot;animation_mobile&quot;:&quot;none&quot;}\">\n\t\t\t\t\t\t<div class=\"elementor-container elementor-column-gap-no\">\n\t\t\t\t\t<div class=\"elementor-column elementor-col-50 elementor-top-column elementor-element elementor-element-ca3447e animated-fast pastilla-verde elementor-invisible\" data-id=\"ca3447e\" data-element_type=\"column\" data-e-type=\"column\" data-settings=\"{&quot;background_background&quot;:&quot;classic&quot;,&quot;animation&quot;:&quot;fadeIn&quot;,&quot;animation_delay&quot;:100}\">\n\t\t\t<div class=\"elementor-widget-wrap elementor-element-populated\">\n\t\t\t\t\t\t<div class=\"elementor-element elementor-element-fd68c2a elementor-widget elementor-widget-text-editor\" data-id=\"fd68c2a\" data-element_type=\"widget\" data-e-type=\"widget\" data-settings=\"{&quot;_animation&quot;:&quot;none&quot;,&quot;_animation_delay&quot;:300}\" data-widget_type=\"text-editor.default\">\n\t\t\t\t<div class=\"elementor-widget-container\">\n\t\t\t\t\t\t\t\t\t<p>Soporte y claridad del proceso acad\u00e9mico durante tu paso por Vitae.<\/p>\t\t\t\t\t\t\t\t<\/div>\n\t\t\t\t<\/div>\n\t\t\t\t<div class=\"elementor-element elementor-element-a1bce52 elementor-align-left elementor-mobile-align-justify elementor-widget elementor-widget-button\" data-id=\"a1bce52\" data-element_type=\"widget\" data-e-type=\"widget\" data-widget_type=\"button.default\">\n\t\t\t\t<div class=\"elementor-widget-container\">\n\t\t\t\t\t\t\t\t\t<div class=\"elementor-button-wrapper\">\n\t\t\t\t\t<a class=\"elementor-button elementor-button-link elementor-size-sm\" href=\"https:\/\/www.escuelavitae.com\/es\/cursos\/grado-en-ciencias-de-la-actividad-fisica-y-el-deporte\/\">\n\t\t\t\t\t\t<span class=\"elementor-button-content-wrapper\">\n\t\t\t\t\t\t<span class=\"elementor-button-icon\">\n\t\t\t\t<i aria-hidden=\"true\" class=\"vamtamtheme- vamtam-theme-arrow-right\"><\/i>\t\t\t<\/span>\n\t\t\t\t\t\t\t\t\t<span class=\"elementor-button-text\">Solicitar informaci\u00f3n de CAFD<\/span>\n\t\t\t\t\t<\/span>\n\t\t\t\t\t<\/a>\n\t\t\t\t<\/div>\n\t\t\t\t\t\t\t\t<\/div>\n\t\t\t\t<\/div>\n\t\t\t\t\t<\/div>\n\t\t<\/div>\n\t\t\t\t<div class=\"elementor-column elementor-col-50 elementor-top-column elementor-element elementor-element-6244ebf elementor-hidden-desktop elementor-hidden-tablet elementor-hidden-phone\" data-id=\"6244ebf\" data-element_type=\"column\" data-e-type=\"column\">\n\t\t\t<div class=\"elementor-widget-wrap\">\n\t\t\t\t\t\t\t<\/div>\n\t\t<\/div>\n\t\t\t\t\t<\/div>\n\t\t<\/section>\n\t\t<div class=\"elementor-element elementor-element-668d72f menu-secondary-desktop elementor-hidden-desktop e-flex e-con-boxed e-con e-parent\" data-id=\"668d72f\" data-element_type=\"container\" data-e-type=\"container\">\n\t\t\t\t\t<div class=\"e-con-inner\">\n\t\t\t\t<div class=\"elementor-element elementor-element-d7b6878 elementor-nav-menu--dropdown-none vamtam-has-mobile-disable-scroll elementor-invisible elementor-widget elementor-widget-nav-menu\" data-id=\"d7b6878\" data-element_type=\"widget\" data-e-type=\"widget\" data-settings=\"{&quot;_animation&quot;:&quot;fadeIn&quot;,&quot;layout&quot;:&quot;horizontal&quot;,&quot;submenu_icon&quot;:{&quot;value&quot;:&quot;&lt;i class=\\&quot;fas fa-caret-down\\&quot; aria-hidden=\\&quot;true\\&quot;&gt;&lt;\\\/i&gt;&quot;,&quot;library&quot;:&quot;fa-solid&quot;},&quot;toggle_icon_active&quot;:{&quot;value&quot;:&quot;&quot;,&quot;library&quot;:&quot;&quot;}}\" data-widget_type=\"nav-menu.default\">\n\t\t\t\t<div class=\"elementor-widget-container\">\n\t\t\t\t\t\t\t\t<nav aria-label=\"Menu\" class=\"elementor-nav-menu--main elementor-nav-menu__container elementor-nav-menu--layout-horizontal e--pointer-text e--animation-none\">\n\t\t\t\t<ul id=\"menu-1-d7b6878\" class=\"elementor-nav-menu\"><li class=\"menu-item menu-item-type-post_type menu-item-object-page menu-item-1019873\"><a href=\"https:\/\/www.escuelavitae.com\/es\/informacion-academica\/\" class=\"elementor-item\">Informaci\u00f3n acad\u00e9mica<\/a><\/li>\n<li class=\"menu-item menu-item-type-post_type menu-item-object-page menu-item-1019872\"><a href=\"https:\/\/www.escuelavitae.com\/es\/investigacion\/\" class=\"elementor-item\">Investigaci\u00f3n<\/a><\/li>\n<li class=\"menu-item menu-item-type-post_type menu-item-object-page menu-item-1019871\"><a href=\"https:\/\/www.escuelavitae.com\/es\/calidad\/\" class=\"elementor-item\">Calidad<\/a><\/li>\n<\/ul>\t\t\t<\/nav>\n\t\t\t\t\t\t<nav class=\"elementor-nav-menu--dropdown elementor-nav-menu__container\" aria-hidden=\"true\">\n\t\t\t\t<ul id=\"menu-2-d7b6878\" class=\"elementor-nav-menu\"><li class=\"menu-item menu-item-type-post_type menu-item-object-page menu-item-1019873\"><a href=\"https:\/\/www.escuelavitae.com\/es\/informacion-academica\/\" class=\"elementor-item\" tabindex=\"-1\">Informaci\u00f3n acad\u00e9mica<\/a><\/li>\n<li class=\"menu-item menu-item-type-post_type menu-item-object-page menu-item-1019872\"><a href=\"https:\/\/www.escuelavitae.com\/es\/investigacion\/\" class=\"elementor-item\" tabindex=\"-1\">Investigaci\u00f3n<\/a><\/li>\n<li class=\"menu-item menu-item-type-post_type menu-item-object-page menu-item-1019871\"><a href=\"https:\/\/www.escuelavitae.com\/es\/calidad\/\" class=\"elementor-item\" tabindex=\"-1\">Calidad<\/a><\/li>\n<\/ul>\t\t\t<\/nav>\n\t\t\t\t\t\t<\/div>\n\t\t\t\t<\/div>\n\t\t\t\t\t<\/div>\n\t\t\t\t<\/div>\n\t\t\t\t<section class=\"elementor-section elementor-top-section elementor-element elementor-element-e3275e2 elementor-section-boxed elementor-section-height-default elementor-section-height-default\" data-id=\"e3275e2\" data-element_type=\"section\" data-e-type=\"section\" data-settings=\"{&quot;animation_mobile&quot;:&quot;none&quot;}\">\n\t\t\t\t\t\t<div class=\"elementor-container elementor-column-gap-default\">\n\t\t\t\t\t<div class=\"elementor-column elementor-col-100 elementor-top-column elementor-element elementor-element-4acf81b\" data-id=\"4acf81b\" data-element_type=\"column\" data-e-type=\"column\" data-settings=\"{&quot;animation_tablet&quot;:&quot;none&quot;,&quot;animation_mobile&quot;:&quot;none&quot;}\">\n\t\t\t<div class=\"elementor-widget-wrap elementor-element-populated\">\n\t\t\t\t\t\t<div class=\"elementor-element elementor-element-b3de1e4 elementor-widget elementor-widget-heading\" data-id=\"b3de1e4\" data-element_type=\"widget\" data-e-type=\"widget\" data-widget_type=\"heading.default\">\n\t\t\t\t<div class=\"elementor-widget-container\">\n\t\t\t\t\t<h2 class=\"elementor-heading-title elementor-size-default\">Te acompa\u00f1amos durante tu experiencia universitaria<\/h2>\t\t\t\t<\/div>\n\t\t\t\t<\/div>\n\t\t\t\t<div class=\"elementor-element elementor-element-b52e059 elementor-widget elementor-widget-text-editor\" data-id=\"b52e059\" data-element_type=\"widget\" data-e-type=\"widget\" data-settings=\"{&quot;_animation&quot;:&quot;none&quot;,&quot;_animation_tablet&quot;:&quot;none&quot;,&quot;_animation_mobile&quot;:&quot;none&quot;,&quot;_animation_delay&quot;:300}\" data-widget_type=\"text-editor.default\">\n\t\t\t\t<div class=\"elementor-widget-container\">\n\t\t\t\t\t\t\t\t\t<p>Estudiar el <strong>Grado en Ciencias de la Actividad F\u00edsica y el Deporte (CAFD)<\/strong> implica mucho m\u00e1s que asistir a clase. En Vitae Escuela Universitaria contar\u00e1s con un equipo que te orientar\u00e1 en cada etapa y te ayudar\u00e1 a organizar tu trayectoria universitaria para que aproveches al m\u00e1ximo la experiencia formativa.<\/p><p>El servicio de informaci\u00f3n acad\u00e9mica apoya a los estudiantes en todos los procesos relacionados con su vida universitaria: matr\u00edcula, planificaci\u00f3n de las asignaturas, gesti\u00f3n del expediente acad\u00e9mico, reconocimiento de cr\u00e9ditos, pr\u00e1cticas externas o finalizaci\u00f3n de los estudios.<\/p><p>Nuestro objetivo es ofrecer una gesti\u00f3n clara, \u00e1gil y cercana para que puedas centrarte en lo m\u00e1s importante: <strong>formarte con credenciales como profesional de la actividad f\u00edsica y el deporte.<\/strong><\/p>\t\t\t\t\t\t\t\t<\/div>\n\t\t\t\t<\/div>\n\t\t\t\t\t<\/div>\n\t\t<\/div>\n\t\t\t\t\t<\/div>\n\t\t<\/section>\n\t\t\t\t<section class=\"elementor-section elementor-top-section elementor-element elementor-element-3a30830 elementor-section-boxed elementor-section-height-default elementor-section-height-default\" data-id=\"3a30830\" data-element_type=\"section\" data-e-type=\"section\" data-settings=\"{&quot;animation_mobile&quot;:&quot;none&quot;}\">\n\t\t\t\t\t\t<div class=\"elementor-container elementor-column-gap-default\">\n\t\t\t\t\t<div class=\"elementor-column elementor-col-100 elementor-top-column elementor-element elementor-element-f4a8299\" data-id=\"f4a8299\" data-element_type=\"column\" data-e-type=\"column\" data-settings=\"{&quot;animation_tablet&quot;:&quot;none&quot;,&quot;animation_mobile&quot;:&quot;none&quot;}\">\n\t\t\t<div class=\"elementor-widget-wrap elementor-element-populated\">\n\t\t\t\t\t\t<div class=\"elementor-element elementor-element-45e166c elementor-widget elementor-widget-heading\" data-id=\"45e166c\" data-element_type=\"widget\" data-e-type=\"widget\" data-widget_type=\"heading.default\">\n\t\t\t\t<div class=\"elementor-widget-container\">\n\t\t\t\t\t<h2 class=\"elementor-heading-title elementor-size-default\">Orientaci\u00f3n y seguimiento acad\u00e9mico del estudiante<\/h2>\t\t\t\t<\/div>\n\t\t\t\t<\/div>\n\t\t\t\t<div class=\"elementor-element elementor-element-645bf2a elementor-widget elementor-widget-text-editor\" data-id=\"645bf2a\" data-element_type=\"widget\" data-e-type=\"widget\" data-settings=\"{&quot;_animation&quot;:&quot;none&quot;,&quot;_animation_tablet&quot;:&quot;none&quot;,&quot;_animation_mobile&quot;:&quot;none&quot;,&quot;_animation_delay&quot;:300}\" data-widget_type=\"text-editor.default\">\n\t\t\t\t<div class=\"elementor-widget-container\">\n\t\t\t\t\t\t\t\t\t<p>Durante el grado recibir\u00e1s soporte y orientaci\u00f3n para garantizar tu progreso acad\u00e9mico y profesional.<\/p><p>Entre los servicios de acompa\u00f1amiento destacan:<\/p><ul><li>Tutorizaci\u00f3n acad\u00e9mica durante los estudios<\/li><li>Orientaci\u00f3n en la planificaci\u00f3n de las asignaturas<\/li><li>Asesoramiento en tr\u00e1mites acad\u00e9micos<\/li><li>Seguimiento de las pr\u00e1cticas externas<\/li><li>Orientaci\u00f3n para el Trabajo Final de Grado<\/li><\/ul><p>Este acompa\u00f1amiento permite que cada estudiante pueda desarrollar su itinerario formativo con seguridad y coherencia.<\/p>\t\t\t\t\t\t\t\t<\/div>\n\t\t\t\t<\/div>\n\t\t\t\t\t<\/div>\n\t\t<\/div>\n\t\t\t\t\t<\/div>\n\t\t<\/section>\n\t\t\t\t<section class=\"elementor-section elementor-top-section elementor-element elementor-element-ecc5f9d elementor-section-boxed elementor-section-height-default elementor-section-height-default\" data-id=\"ecc5f9d\" data-element_type=\"section\" data-e-type=\"section\" data-settings=\"{&quot;animation_mobile&quot;:&quot;none&quot;}\">\n\t\t\t\t\t\t<div class=\"elementor-container elementor-column-gap-default\">\n\t\t\t\t\t<div class=\"elementor-column elementor-col-100 elementor-top-column elementor-element elementor-element-5f41113\" data-id=\"5f41113\" data-element_type=\"column\" data-e-type=\"column\" data-settings=\"{&quot;animation_tablet&quot;:&quot;none&quot;,&quot;animation_mobile&quot;:&quot;none&quot;}\">\n\t\t\t<div class=\"elementor-widget-wrap elementor-element-populated\">\n\t\t\t\t\t\t<div class=\"elementor-element elementor-element-c4ff86d elementor-widget elementor-widget-heading\" data-id=\"c4ff86d\" data-element_type=\"widget\" data-e-type=\"widget\" data-widget_type=\"heading.default\">\n\t\t\t\t<div class=\"elementor-widget-container\">\n\t\t\t\t\t<h2 class=\"elementor-heading-title elementor-size-default\">Gesti\u00f3n del expediente acad\u00e9mico<\/h2>\t\t\t\t<\/div>\n\t\t\t\t<\/div>\n\t\t\t\t<div class=\"elementor-element elementor-element-f6ddfd2 elementor-widget elementor-widget-text-editor\" data-id=\"f6ddfd2\" data-element_type=\"widget\" data-e-type=\"widget\" data-settings=\"{&quot;_animation&quot;:&quot;none&quot;,&quot;_animation_tablet&quot;:&quot;none&quot;,&quot;_animation_mobile&quot;:&quot;none&quot;,&quot;_animation_delay&quot;:300}\" data-widget_type=\"text-editor.default\">\n\t\t\t\t<div class=\"elementor-widget-container\">\n\t\t\t\t\t\t\t\t\t<p>El servicio acad\u00e9mico gestiona los principales tr\u00e1mites relacionados con los estudios universitarios:<\/p><ul><li>Matr\u00edcula y modificaciones de matr\u00edcula<\/li><li>Reconocimiento y transferencia de cr\u00e9ditos<\/li><li>Emisi\u00f3n de certificados acad\u00e9micos<\/li><li>Consultas sobre normativa acad\u00e9mica<\/li><li>Gesti\u00f3n de convocatorias de evaluaci\u00f3n<\/li><\/ul><p>El equipo acad\u00e9mico de Vitae ofrece soporte personalizado para que los estudiantes puedan resolver cualquier duda relacionada con su expediente universitario.<\/p>\t\t\t\t\t\t\t\t<\/div>\n\t\t\t\t<\/div>\n\t\t\t\t\t<\/div>\n\t\t<\/div>\n\t\t\t\t\t<\/div>\n\t\t<\/section>\n\t\t<div class=\"elementor-element elementor-element-b2dc428 classdata e-flex e-con-boxed e-con e-parent\" data-id=\"b2dc428\" data-element_type=\"container\" data-e-type=\"container\">\n\t\t\t\t\t<div class=\"e-con-inner\">\n\t\t<div class=\"elementor-element elementor-element-43f8461 e-flex e-con-boxed e-con e-child\" data-id=\"43f8461\" data-element_type=\"container\" data-e-type=\"container\">\n\t\t\t\t\t<div class=\"e-con-inner\">\n\t\t\t\t<div class=\"elementor-element elementor-element-66cdf56 elementor-widget elementor-widget-heading\" data-id=\"66cdf56\" data-element_type=\"widget\" data-e-type=\"widget\" data-widget_type=\"heading.default\">\n\t\t\t\t<div class=\"elementor-widget-container\">\n\t\t\t\t\t<h2 class=\"elementor-heading-title elementor-size-default\">Gu\u00eda del estudiante<\/h2>\t\t\t\t<\/div>\n\t\t\t\t<\/div>\n\t\t\t\t<div class=\"elementor-element elementor-element-ee51560 custom-link-hover elementor-widget elementor-widget-toggle\" data-id=\"ee51560\" data-element_type=\"widget\" data-e-type=\"widget\" data-widget_type=\"toggle.default\">\n\t\t\t\t<div class=\"elementor-widget-container\">\n\t\t\t\t\t\t\t<div class=\"elementor-toggle\">\n\t\t\t\t\t\t\t<div class=\"elementor-toggle-item\">\n\t\t\t\t\t<h3 id=\"elementor-tab-title-2491\" class=\"elementor-tab-title\" data-tab=\"1\" role=\"button\" aria-controls=\"elementor-tab-content-2491\" aria-expanded=\"false\">\n\t\t\t\t\t\t\t\t\t\t\t\t<span class=\"elementor-toggle-icon elementor-toggle-icon-right\" aria-hidden=\"true\">\n\t\t\t\t\t\t\t\t\t\t\t\t\t\t\t<span class=\"elementor-toggle-icon-closed\"><i class=\"vamtamtheme- vamtam-theme-arrow-down\"><\/i><\/span>\n\t\t\t\t\t\t\t\t<span class=\"elementor-toggle-icon-opened\"><i class=\"elementor-toggle-icon-opened vamtamtheme- vamtam-theme-arrow-up\"><\/i><\/span>\n\t\t\t\t\t\t\t\t\t\t\t\t\t<\/span>\n\t\t\t\t\t\t\t\t\t\t\t\t<a class=\"elementor-toggle-title\" tabindex=\"0\">Organizaci\u00f3n<\/a>\n\t\t\t\t\t<\/h3>\n\n\t\t\t\t\t<div id=\"elementor-tab-content-2491\" class=\"elementor-tab-content elementor-clearfix\" data-tab=\"1\" role=\"region\" aria-labelledby=\"elementor-tab-title-2491\"><p><span style=\"color: #000000;\"><a style=\"color: #0d0d0e;\" title=\"Reglament d\u2019organitzaci\u00f3 i funcionament intern Escola Universit\u00e0ria de l\u2019Esport\" href=\"https:\/\/www.escuelavitae.com\/wp-content\/uploads\/2024\/10\/reglament-funcionament-centre.pdf\" target=\"_blank\" rel=\"noopener\"><span style=\"font-weight: 400;\">Reglamento de organizaci\u00f3n y funcionamiento<\/span><\/a><\/span><\/p><p><span style=\"color: #000000;\"><a style=\"color: #0d0d0e;\" title=\"Plan de acci\u00f3n tutorial\" href=\"https:\/\/www.escuelavitae.com\/wp-content\/uploads\/2024\/10\/pla-accio-tutorial.pdf\" target=\"_blank\" rel=\"noopener\"><span style=\"font-weight: 400;\">Plan de acci\u00f3n tutorial<\/span><\/a><\/span><\/p><\/div>\n\t\t\t\t<\/div>\n\t\t\t\t\t\t\t<div class=\"elementor-toggle-item\">\n\t\t\t\t\t<h3 id=\"elementor-tab-title-2492\" class=\"elementor-tab-title\" data-tab=\"2\" role=\"button\" aria-controls=\"elementor-tab-content-2492\" aria-expanded=\"false\">\n\t\t\t\t\t\t\t\t\t\t\t\t<span class=\"elementor-toggle-icon elementor-toggle-icon-right\" aria-hidden=\"true\">\n\t\t\t\t\t\t\t\t\t\t\t\t\t\t\t<span class=\"elementor-toggle-icon-closed\"><i class=\"vamtamtheme- vamtam-theme-arrow-down\"><\/i><\/span>\n\t\t\t\t\t\t\t\t<span class=\"elementor-toggle-icon-opened\"><i class=\"elementor-toggle-icon-opened vamtamtheme- vamtam-theme-arrow-up\"><\/i><\/span>\n\t\t\t\t\t\t\t\t\t\t\t\t\t<\/span>\n\t\t\t\t\t\t\t\t\t\t\t\t<a class=\"elementor-toggle-title\" tabindex=\"0\">Calendaris i horaris<\/a>\n\t\t\t\t\t<\/h3>\n\n\t\t\t\t\t<div id=\"elementor-tab-content-2492\" class=\"elementor-tab-content elementor-clearfix\" data-tab=\"2\" role=\"region\" aria-labelledby=\"elementor-tab-title-2492\"><p><b>Curso 2025-26:<\/b><\/p><ul><li style=\"list-style-type: none;\"><ul><li><a style=\"color: #0d0d0e;\" href=\"https:\/\/www.escuelavitae.com\/wp-content\/uploads\/2025\/06\/Horaris-2025-26-2n-CAFE.pdf\" target=\"_blank\" rel=\"noopener\">Calendario acad\u00e9mico<\/a><\/li><li><a style=\"color: #0d0d0e;\" href=\"https:\/\/www.escuelavitae.com\/wp-content\/uploads\/2025\/06\/Horaris-2025-26-2n-CAFE.pdf\" target=\"_blank\" rel=\"noopener\">Calendario de ex\u00e1menes<\/a><\/li><li><span style=\"color: #000000;\">Horarios: <a style=\"color: #000000;\" href=\"https:\/\/www.escuelavitae.com\/wp-content\/uploads\/2025\/06\/Horaris-2025-26-1r-CAFE.pdf\" target=\"_blank\" rel=\"noopener\">1r CAFE<\/a>\u2013<a style=\"color: #000000;\" href=\"https:\/\/www.escuelavitae.com\/wp-content\/uploads\/2025\/06\/Horaris-2025-26-2n-CAFE.pdf\" target=\"_blank\" rel=\"noopener\">2n CAFE<\/a><\/span><\/li><\/ul><\/li><\/ul><\/div>\n\t\t\t\t<\/div>\n\t\t\t\t\t\t\t<div class=\"elementor-toggle-item\">\n\t\t\t\t\t<h3 id=\"elementor-tab-title-2493\" class=\"elementor-tab-title\" data-tab=\"3\" role=\"button\" aria-controls=\"elementor-tab-content-2493\" aria-expanded=\"false\">\n\t\t\t\t\t\t\t\t\t\t\t\t<span class=\"elementor-toggle-icon elementor-toggle-icon-right\" aria-hidden=\"true\">\n\t\t\t\t\t\t\t\t\t\t\t\t\t\t\t<span class=\"elementor-toggle-icon-closed\"><i class=\"vamtamtheme- vamtam-theme-arrow-down\"><\/i><\/span>\n\t\t\t\t\t\t\t\t<span class=\"elementor-toggle-icon-opened\"><i class=\"elementor-toggle-icon-opened vamtamtheme- vamtam-theme-arrow-up\"><\/i><\/span>\n\t\t\t\t\t\t\t\t\t\t\t\t\t<\/span>\n\t\t\t\t\t\t\t\t\t\t\t\t<a class=\"elementor-toggle-title\" tabindex=\"0\">Normatives<\/a>\n\t\t\t\t\t<\/h3>\n\n\t\t\t\t\t<div id=\"elementor-tab-content-2493\" class=\"elementor-tab-content elementor-clearfix\" data-tab=\"3\" role=\"region\" aria-labelledby=\"elementor-tab-title-2493\"><p><span style=\"color: #000000;\"><a style=\"color: #0d0d0e;\" href=\"https:\/\/www.escuelavitae.com\/wp-content\/uploads\/2025\/09\/Normativa-Academica-Vitae-Escola-Universitaria.pdf\" target=\"_blank\" rel=\"noopener\"><span style=\"font-weight: 400;\">Normativa acad\u00e9mica<\/span><\/a><\/span><\/p><p><span style=\"color: #000000;\"><a style=\"color: #0d0d0e;\" href=\"https:\/\/www.escuelavitae.com\/wp-content\/uploads\/2025\/01\/normativa-esportistes-elit-cafe-vitae.pdf\" target=\"_blank\" rel=\"noopener\"><span style=\"font-weight: 400;\">Deportistas de \u00e9lite<br \/><\/span><\/a><\/span><\/p><p><span style=\"color: #000000;\"><a style=\"color: #0d0d0e;\" href=\"https:\/\/www.escuelavitae.com\/wp-content\/uploads\/2025\/01\/normativa-estudiants-nee-cafe-vitae.pdf\" target=\"_blank\" rel=\"noopener\"><span style=\"font-weight: 400;\">NEE<\/span><\/a><\/span><\/p><p><span style=\"color: #000000;\"><a style=\"color: #0d0d0e;\" href=\"https:\/\/www.escuelavitae.com\/wp-content\/uploads\/2024\/10\/normativa-convivencia.pdf\" target=\"_blank\" rel=\"noopener\"><span style=\"font-weight: 400;\">Normas de convivencia<br \/><\/span><\/a><\/span><\/p><\/div>\n\t\t\t\t<\/div>\n\t\t\t\t\t\t\t\t<\/div>\n\t\t\t\t\t\t<\/div>\n\t\t\t\t<\/div>\n\t\t\t\t\t<\/div>\n\t\t\t\t<\/div>\n\t\t\t\t\t<\/div>\n\t\t\t\t<\/div>\n\t\t\t\t<section class=\"elementor-section elementor-top-section elementor-element elementor-element-b80e684 elementor-section-boxed elementor-section-height-default elementor-section-height-default\" data-id=\"b80e684\" data-element_type=\"section\" data-e-type=\"section\">\n\t\t\t\t\t\t<div class=\"elementor-container elementor-column-gap-default\">\n\t\t\t\t\t<div class=\"elementor-column elementor-col-100 elementor-top-column elementor-element elementor-element-df5fc15\" data-id=\"df5fc15\" data-element_type=\"column\" data-e-type=\"column\">\n\t\t\t<div class=\"elementor-widget-wrap elementor-element-populated\">\n\t\t\t\t\t\t<div class=\"elementor-element elementor-element-6b77a57 elementor-widget__width-auto animated-fast elementor-invisible elementor-widget elementor-widget-heading\" data-id=\"6b77a57\" data-element_type=\"widget\" data-e-type=\"widget\" data-settings=\"{&quot;_animation&quot;:&quot;fadeIn&quot;,&quot;_animation_tablet&quot;:&quot;none&quot;,&quot;_animation_mobile&quot;:&quot;none&quot;,&quot;_animation_delay&quot;:200}\" data-widget_type=\"heading.default\">\n\t\t\t\t<div class=\"elementor-widget-container\">\n\t\t\t\t\t<p class=\"elementor-heading-title elementor-size-default\">F\u00d3RMATE<\/p>\t\t\t\t<\/div>\n\t\t\t\t<\/div>\n\t\t\t\t\t<\/div>\n\t\t<\/div>\n\t\t\t\t\t<\/div>\n\t\t<\/section>\n\t\t\t\t<section class=\"elementor-section elementor-top-section elementor-element elementor-element-3410410 elementor-section-boxed elementor-section-height-default elementor-section-height-default\" data-id=\"3410410\" data-element_type=\"section\" data-e-type=\"section\" data-settings=\"{&quot;background_background&quot;:&quot;classic&quot;}\">\n\t\t\t\t\t\t<div class=\"elementor-container elementor-column-gap-default\">\n\t\t\t\t\t<div class=\"elementor-column elementor-col-100 elementor-top-column elementor-element elementor-element-a627ef0\" data-id=\"a627ef0\" data-element_type=\"column\" data-e-type=\"column\">\n\t\t\t<div class=\"elementor-widget-wrap elementor-element-populated\">\n\t\t\t\t\t\t<div class=\"elementor-element elementor-element-ca3f75c elementor-widget elementor-widget-heading\" data-id=\"ca3f75c\" data-element_type=\"widget\" data-e-type=\"widget\" data-widget_type=\"heading.default\">\n\t\t\t\t<div class=\"elementor-widget-container\">\n\t\t\t\t\t<p class=\"elementor-heading-title elementor-size-default\">\u00bfEst\u00e1s listo para dar el siguiente paso hacia tu futura carrera?<\/p>\t\t\t\t<\/div>\n\t\t\t\t<\/div>\n\t\t\t\t<div class=\"elementor-element elementor-element-19b2dfd elementor-align-center elementor-mobile-align-justify elementor-widget elementor-widget-button\" data-id=\"19b2dfd\" data-element_type=\"widget\" data-e-type=\"widget\" data-widget_type=\"button.default\">\n\t\t\t\t<div class=\"elementor-widget-container\">\n\t\t\t\t\t\t\t\t\t<div class=\"elementor-button-wrapper\">\n\t\t\t\t\t<a class=\"elementor-button elementor-button-link elementor-size-sm\" href=\"https:\/\/www.escuelavitae.com\/es\/cursos\/grado-en-ciencias-de-la-actividad-fisica-y-el-deporte\/\">\n\t\t\t\t\t\t<span class=\"elementor-button-content-wrapper\">\n\t\t\t\t\t\t<span class=\"elementor-button-icon\">\n\t\t\t\t<i aria-hidden=\"true\" class=\"vamtamtheme- vamtam-theme-arrow-right\"><\/i>\t\t\t<\/span>\n\t\t\t\t\t\t\t\t\t<span class=\"elementor-button-text\">Solicitar informaci\u00f3n de CAFD<\/span>\n\t\t\t\t\t<\/span>\n\t\t\t\t\t<\/a>\n\t\t\t\t<\/div>\n\t\t\t\t\t\t\t\t<\/div>\n\t\t\t\t<\/div>\n\t\t\t\t\t<\/div>\n\t\t<\/div>\n\t\t\t\t\t<\/div>\n\t\t<\/section>\n\t\t\t\t<\/div>\n\t\t","protected":false},"excerpt":{"rendered":"<p>Soporte y claridad del proceso acad\u00e9mico durante tu paso por Vitae. Solicitar informaci\u00f3n de CAFD Te acompa\u00f1amos durante tu experiencia universitaria Estudiar el Grado en Ciencias de la Actividad F\u00edsica y el Deporte (CAFD) implica mucho m\u00e1s que asistir a clase. En Vitae Escuela Universitaria contar\u00e1s con un equipo que te orientar\u00e1 en cada etapa&#8230;<\/p>\n","protected":false},"author":1,"featured_media":1006546,"parent":0,"menu_order":0,"comment_status":"closed","ping_status":"closed","template":"","meta":{"om_disable_all_campaigns":false,"footnotes":""},"class_list":["post-1019795","page","type-page","status-publish","has-post-thumbnail","hentry"],"aioseo_notices":[],"_links":{"self":[{"href":"https:\/\/www.escuelavitae.com\/es\/wp-json\/wp\/v2\/pages\/1019795","targetHints":{"allow":["GET"]}}],"collection":[{"href":"https:\/\/www.escuelavitae.com\/es\/wp-json\/wp\/v2\/pages"}],"about":[{"href":"https:\/\/www.escuelavitae.com\/es\/wp-json\/wp\/v2\/types\/page"}],"author":[{"embeddable":true,"href":"https:\/\/www.escuelavitae.com\/es\/wp-json\/wp\/v2\/users\/1"}],"replies":[{"embeddable":true,"href":"https:\/\/www.escuelavitae.com\/es\/wp-json\/wp\/v2\/comments?post=1019795"}],"version-history":[{"count":14,"href":"https:\/\/www.escuelavitae.com\/es\/wp-json\/wp\/v2\/pages\/1019795\/revisions"}],"predecessor-version":[{"id":1019850,"href":"https:\/\/www.escuelavitae.com\/es\/wp-json\/wp\/v2\/pages\/1019795\/revisions\/1019850"}],"wp:featuredmedia":[{"embeddable":true,"href":"https:\/\/www.escuelavitae.com\/es\/wp-json\/wp\/v2\/media\/1006546"}],"wp:attachment":[{"href":"https:\/\/www.escuelavitae.com\/es\/wp-json\/wp\/v2\/media?parent=1019795"}],"curies":[{"name":"wp","href":"https:\/\/api.w.org\/{rel}","templated":true}]}}