{"id":1015289,"date":"2025-05-23T10:54:40","date_gmt":"2025-05-23T08:54:40","guid":{"rendered":"https:\/\/www.escuelavitae.com\/?page_id=1015289"},"modified":"2025-05-23T11:00:14","modified_gmt":"2025-05-23T09:00:14","slug":"homologacion-de-proveedores","status":"publish","type":"page","link":"https:\/\/www.escuelavitae.com\/es\/homologacion-de-proveedores\/","title":{"rendered":"Homologaci\u00f3n de proveedores"},"content":{"rendered":"\t\t<div data-elementor-type=\"wp-page\" data-elementor-id=\"1015289\" class=\"elementor elementor-1015289 elementor-1015287\" data-elementor-post-type=\"page\">\n\t\t\t\t\t\t<section class=\"elementor-section elementor-top-section elementor-element elementor-element-f2d6bbc elementor-section-height-min-height elementor-section-boxed elementor-section-height-default elementor-section-items-middle\" data-id=\"f2d6bbc\" data-element_type=\"section\" data-e-type=\"section\" data-settings=\"{&quot;background_background&quot;:&quot;classic&quot;}\">\n\t\t\t\t\t\t<div class=\"elementor-container elementor-column-gap-default\">\n\t\t\t\t\t<div class=\"elementor-column elementor-col-100 elementor-top-column elementor-element elementor-element-8a71e93\" data-id=\"8a71e93\" data-element_type=\"column\" data-e-type=\"column\" data-settings=\"{&quot;background_background&quot;:&quot;classic&quot;}\">\n\t\t\t<div class=\"elementor-widget-wrap\">\n\t\t\t\t\t\t\t<\/div>\n\t\t<\/div>\n\t\t\t\t\t<\/div>\n\t\t<\/section>\n\t\t\t\t<section class=\"elementor-section elementor-top-section elementor-element elementor-element-c90de52 elementor-section-boxed elementor-section-height-default elementor-section-height-default\" data-id=\"c90de52\" data-element_type=\"section\" data-e-type=\"section\" data-settings=\"{&quot;animation&quot;:&quot;none&quot;,&quot;animation_tablet&quot;:&quot;none&quot;,&quot;animation_mobile&quot;:&quot;none&quot;}\">\n\t\t\t\t\t\t<div class=\"elementor-container elementor-column-gap-no\">\n\t\t\t\t\t<div class=\"elementor-column elementor-col-50 elementor-top-column elementor-element elementor-element-fcc1cbc animated-fast pastilla-verde elementor-invisible\" data-id=\"fcc1cbc\" data-element_type=\"column\" data-e-type=\"column\" data-settings=\"{&quot;background_background&quot;:&quot;classic&quot;,&quot;animation&quot;:&quot;fadeIn&quot;,&quot;animation_delay&quot;:100}\">\n\t\t\t<div class=\"elementor-widget-wrap elementor-element-populated\">\n\t\t\t\t\t\t<div class=\"elementor-element elementor-element-aef3bbd elementor-widget elementor-widget-text-editor\" data-id=\"aef3bbd\" data-element_type=\"widget\" data-e-type=\"widget\" data-settings=\"{&quot;_animation&quot;:&quot;none&quot;,&quot;_animation_delay&quot;:300}\" data-widget_type=\"text-editor.default\">\n\t\t\t\t<div class=\"elementor-widget-container\">\n\t\t\t\t\t\t\t\t\t<p><strong>Objetivo:<\/strong> Asegurar que los productos y servicios suministrados externamente son conformes a los requisitos.<\/p>\t\t\t\t\t\t\t\t<\/div>\n\t\t\t\t<\/div>\n\t\t\t\t\t<\/div>\n\t\t<\/div>\n\t\t\t\t<div class=\"elementor-column elementor-col-50 elementor-top-column elementor-element elementor-element-a16cbd6 elementor-hidden-desktop elementor-hidden-tablet elementor-hidden-phone\" data-id=\"a16cbd6\" data-element_type=\"column\" data-e-type=\"column\">\n\t\t\t<div class=\"elementor-widget-wrap\">\n\t\t\t\t\t\t\t<\/div>\n\t\t<\/div>\n\t\t\t\t\t<\/div>\n\t\t<\/section>\n\t\t\t\t<section class=\"elementor-section elementor-top-section elementor-element elementor-element-1fe93e6 elementor-section-boxed elementor-section-height-default elementor-section-height-default\" data-id=\"1fe93e6\" data-element_type=\"section\" data-e-type=\"section\">\n\t\t\t\t\t\t<div class=\"elementor-container elementor-column-gap-no\">\n\t\t\t\t\t<div class=\"elementor-column elementor-col-100 elementor-top-column elementor-element elementor-element-a71d332\" data-id=\"a71d332\" data-element_type=\"column\" data-e-type=\"column\">\n\t\t\t<div class=\"elementor-widget-wrap elementor-element-populated\">\n\t\t\t\t\t\t<div class=\"elementor-element elementor-element-208e3d3 elementor-invisible elementor-widget elementor-widget-text-editor\" data-id=\"208e3d3\" data-element_type=\"widget\" data-e-type=\"widget\" data-settings=\"{&quot;_animation&quot;:&quot;fadeIn&quot;,&quot;_animation_tablet&quot;:&quot;none&quot;,&quot;_animation_mobile&quot;:&quot;none&quot;,&quot;_animation_delay&quot;:300}\" data-widget_type=\"text-editor.default\">\n\t\t\t\t<div class=\"elementor-widget-container\">\n\t\t\t\t\t\t\t\t\t<main class=\"main main--mb opacity-on\"><\/main><section class=\"legal\"><div class=\"legal__content\"><p><strong>CRITERIOS PARA HOMOLOGACI\u00d3N DE PROVEEDORES:<\/strong><\/p><p>Los requisitos para la aprobaci\u00f3n inicial de los proveedores son:<\/p><ul><li>PRECIO: Establecido en el rango de precios presupuestado.<\/li><li>DURABILIDAD: Que cumpla ciertas normas de calidad.<\/li><li>QUALITAT: ISO 9001, Marcado de conformidad UE o similar.<\/li><li>SERVICIO: Dentro de los plazos establecidos, servicio a todos los centros.<\/li><li>CONFIAN\u00c7A: Relaci\u00f3n de cercan\u00eda y confianza. Respuesta a imprevistos.<\/li><li>PROXIMITAT: Se priorizar\u00e1 a las empresas de proximidad.<\/li><\/ul><p>El requisito para el <strong>seguimiento<\/strong> de los proveedores es, que no se registren m\u00e1s de 2 no conformidades por el producto o servicio comprado, 4 incidencias anuales = 1 no conformidad.<br \/>El seguimiento es trimestral.<\/p><p><span class=\"HwtZe\" lang=\"ca\"><span class=\"jCAhz ChMk0b\"><span class=\"ryNqvb\">\u00a0<\/span><\/span><\/span><\/p><\/div><\/section>\t\t\t\t\t\t\t\t<\/div>\n\t\t\t\t<\/div>\n\t\t\t\t\t<\/div>\n\t\t<\/div>\n\t\t\t\t\t<\/div>\n\t\t<\/section>\n\t\t\t\t<\/div>\n\t\t","protected":false},"excerpt":{"rendered":"<p>Objetivo: Asegurar que los productos y servicios suministrados externamente son conformes a los requisitos. CRITERIOS PARA HOMOLOGACI\u00d3N DE PROVEEDORES: Los requisitos para la aprobaci\u00f3n inicial de los proveedores son: PRECIO: Establecido en el rango de precios presupuestado. DURABILIDAD: Que cumpla ciertas normas de calidad. QUALITAT: ISO 9001, Marcado de conformidad UE o similar. SERVICIO: Dentro&#8230;<\/p>\n","protected":false},"author":1,"featured_media":0,"parent":0,"menu_order":0,"comment_status":"closed","ping_status":"closed","template":"","meta":{"om_disable_all_campaigns":false,"footnotes":""},"class_list":["post-1015289","page","type-page","status-publish","hentry"],"aioseo_notices":[],"_links":{"self":[{"href":"https:\/\/www.escuelavitae.com\/es\/wp-json\/wp\/v2\/pages\/1015289","targetHints":{"allow":["GET"]}}],"collection":[{"href":"https:\/\/www.escuelavitae.com\/es\/wp-json\/wp\/v2\/pages"}],"about":[{"href":"https:\/\/www.escuelavitae.com\/es\/wp-json\/wp\/v2\/types\/page"}],"author":[{"embeddable":true,"href":"https:\/\/www.escuelavitae.com\/es\/wp-json\/wp\/v2\/users\/1"}],"replies":[{"embeddable":true,"href":"https:\/\/www.escuelavitae.com\/es\/wp-json\/wp\/v2\/comments?post=1015289"}],"version-history":[{"count":11,"href":"https:\/\/www.escuelavitae.com\/es\/wp-json\/wp\/v2\/pages\/1015289\/revisions"}],"predecessor-version":[{"id":1015303,"href":"https:\/\/www.escuelavitae.com\/es\/wp-json\/wp\/v2\/pages\/1015289\/revisions\/1015303"}],"wp:attachment":[{"href":"https:\/\/www.escuelavitae.com\/es\/wp-json\/wp\/v2\/media?parent=1015289"}],"curies":[{"name":"wp","href":"https:\/\/api.w.org\/{rel}","templated":true}]}}